{"id":2230,"date":"2026-03-04T09:57:12","date_gmt":"2026-03-04T09:57:12","guid":{"rendered":"https:\/\/bitacorapsicologia.com\/?page_id=2230"},"modified":"2026-03-04T10:07:25","modified_gmt":"2026-03-04T10:07:25","slug":"natalia-sebastian","status":"publish","type":"page","link":"https:\/\/bitacorapsicologia.com\/index.php\/natalia-sebastian\/","title":{"rendered":"Natalia Sebasti\u00e1n"},"content":{"rendered":"\t\t<div data-elementor-type=\"wp-page\" data-elementor-id=\"2230\" class=\"elementor elementor-2230\" data-elementor-post-type=\"page\">\n\t\t\t\t\t\t<section class=\"elementor-section elementor-top-section elementor-element elementor-element-5f6778a elementor-section-boxed elementor-section-height-default elementor-section-height-default\" data-id=\"5f6778a\" data-element_type=\"section\">\n\t\t\t\t\t\t<div class=\"elementor-container elementor-column-gap-default\">\n\t\t\t\t\t<div class=\"elementor-column elementor-col-100 elementor-top-column elementor-element elementor-element-b294d31\" data-id=\"b294d31\" data-element_type=\"column\">\n\t\t\t<div class=\"elementor-widget-wrap elementor-element-populated\">\n\t\t\t\t\t\t<div class=\"elementor-element elementor-element-f361330 elementor-widget elementor-widget-heading\" data-id=\"f361330\" data-element_type=\"widget\" data-widget_type=\"heading.default\">\n\t\t\t\t<div class=\"elementor-widget-container\">\n\t\t\t\t\t<h2 class=\"elementor-heading-title elementor-size-default\">Natalia Sebasti\u00e1n de Erice\n<\/h2>\t\t\t\t<\/div>\n\t\t\t\t<\/div>\n\t\t\t\t\t<\/div>\n\t\t<\/div>\n\t\t\t\t\t<\/div>\n\t\t<\/section>\n\t\t\t\t<section class=\"elementor-section elementor-top-section elementor-element elementor-element-819c4c1 elementor-section-boxed elementor-section-height-default elementor-section-height-default\" data-id=\"819c4c1\" data-element_type=\"section\">\n\t\t\t\t\t\t<div class=\"elementor-container elementor-column-gap-default\">\n\t\t\t\t\t<div class=\"elementor-column elementor-col-100 elementor-top-column elementor-element elementor-element-2b3e40d\" data-id=\"2b3e40d\" data-element_type=\"column\">\n\t\t\t<div class=\"elementor-widget-wrap elementor-element-populated\">\n\t\t\t\t\t\t<div class=\"elementor-element elementor-element-22e15b1 elementor-widget elementor-widget-heading\" data-id=\"22e15b1\" data-element_type=\"widget\" data-widget_type=\"heading.default\">\n\t\t\t\t<div class=\"elementor-widget-container\">\n\t\t\t\t\t<h2 class=\"elementor-heading-title elementor-size-default\">Psic\u00f3loga sanitaria y neuropsic\u00f3loga M-39551<\/h2>\t\t\t\t<\/div>\n\t\t\t\t<\/div>\n\t\t\t\t\t<\/div>\n\t\t<\/div>\n\t\t\t\t\t<\/div>\n\t\t<\/section>\n\t\t\t\t<section class=\"elementor-section elementor-top-section elementor-element elementor-element-308d57d elementor-section-boxed elementor-section-height-default elementor-section-height-default\" data-id=\"308d57d\" data-element_type=\"section\">\n\t\t\t\t\t\t<div class=\"elementor-container elementor-column-gap-default\">\n\t\t\t\t\t<div class=\"elementor-column elementor-col-33 elementor-top-column elementor-element elementor-element-d1a0e44\" data-id=\"d1a0e44\" data-element_type=\"column\">\n\t\t\t<div class=\"elementor-widget-wrap elementor-element-populated\">\n\t\t\t\t\t\t<div class=\"elementor-element elementor-element-6c883ed elementor-widget elementor-widget-image\" data-id=\"6c883ed\" data-element_type=\"widget\" data-widget_type=\"image.default\">\n\t\t\t\t<div class=\"elementor-widget-container\">\n\t\t\t\t\t\t\t\t\t\t\t\t\t\t\t<img fetchpriority=\"high\" decoding=\"async\" width=\"682\" height=\"1024\" src=\"https:\/\/bitacorapsicologia.com\/wp-content\/uploads\/2026\/03\/Foto-CV-renovado-682x1024.jpeg\" class=\"attachment-large size-large wp-image-2232\" alt=\"\" srcset=\"https:\/\/bitacorapsicologia.com\/wp-content\/uploads\/2026\/03\/Foto-CV-renovado-682x1024.jpeg 682w, https:\/\/bitacorapsicologia.com\/wp-content\/uploads\/2026\/03\/Foto-CV-renovado-200x300.jpeg 200w, https:\/\/bitacorapsicologia.com\/wp-content\/uploads\/2026\/03\/Foto-CV-renovado-768x1153.jpeg 768w, https:\/\/bitacorapsicologia.com\/wp-content\/uploads\/2026\/03\/Foto-CV-renovado-1023x1536.jpeg 1023w, https:\/\/bitacorapsicologia.com\/wp-content\/uploads\/2026\/03\/Foto-CV-renovado.jpeg 1066w\" sizes=\"(max-width: 682px) 100vw, 682px\" \/>\t\t\t\t\t\t\t\t\t\t\t\t\t\t\t<\/div>\n\t\t\t\t<\/div>\n\t\t\t\t\t<\/div>\n\t\t<\/div>\n\t\t\t\t<div class=\"elementor-column elementor-col-66 elementor-top-column elementor-element elementor-element-6528a74\" data-id=\"6528a74\" data-element_type=\"column\">\n\t\t\t<div class=\"elementor-widget-wrap elementor-element-populated\">\n\t\t\t\t\t\t<div class=\"elementor-element elementor-element-df8c055 elementor-widget elementor-widget-text-editor\" data-id=\"df8c055\" data-element_type=\"widget\" data-widget_type=\"text-editor.default\">\n\t\t\t\t<div class=\"elementor-widget-container\">\n\t\t\t\t\t\t\t\t\t<h5 style=\"text-align: center;\"><strong>\u00a1Encantada de conocerte!<\/strong><\/h5><h5>\u00a0<\/h5><h5>Soy Natalia, psic\u00f3loga sanitaria y neuropsic\u00f3loga con experiencia en adultos, personas mayores, familias y ni\u00f1os. Mi base es cognitivo-conductual, por lo que me gusta\u00a0trabajar con los pensamientos y el comportamiento. Tambi\u00e9n, me he\u00a0formado en una perspectiva m\u00e1s integradora donde las emociones tienen un peso mayor.<\/h5><h5>Desde peque\u00f1a he sabido que quer\u00eda dedicarme a ayudar a los dem\u00e1s. Era la amiga que te escuchaba cuando todo el mundo estaba armando jaleo. Y eso ha formado parte de mi esencia desde que tengo uso de raz\u00f3n. Esa habilidad, la de escuchar, es aquello que la gente valora y agradece m\u00e1s en el d\u00eda a d\u00eda. Te permite aprender muchas cosas acerca de los dem\u00e1s y ponerte en sus zapatos, adem\u00e1s de entender c\u00f3mo razona su mente. Pero la escucha no viene sola, la acompa\u00f1a la observaci\u00f3n. El arte de ver lo que te rodea y sacar informaci\u00f3n de ello.<\/h5><h5>En una sesi\u00f3n conmigo, mi intenci\u00f3n es que te sientas como en casa, que tengas un sitio seguro donde poder expresarte y sentirte\u00a0escuchada.\u00a0<\/h5><h5>\u00a1Nos vemos!<\/h5><div>\u00a0<\/div>\t\t\t\t\t\t\t\t<\/div>\n\t\t\t\t<\/div>\n\t\t\t\t\t<\/div>\n\t\t<\/div>\n\t\t\t\t\t<\/div>\n\t\t<\/section>\n\t\t\t\t<\/div>\n\t\t","protected":false},"excerpt":{"rendered":"<p>Natalia Sebasti\u00e1n de Erice Psic\u00f3loga sanitaria y neuropsic\u00f3loga M-39551 \u00a1Encantada de conocerte! \u00a0 Soy Natalia, psic\u00f3loga sanitaria y neuropsic\u00f3loga con experiencia en adultos, personas mayores, familias y ni\u00f1os. Mi base es cognitivo-conductual, por lo que me gusta\u00a0trabajar con los pensamientos y el comportamiento. Tambi\u00e9n, me he\u00a0formado en una perspectiva m\u00e1s integradora donde las emociones tienen &hellip;<\/p>\n<p class=\"read-more\"> <a class=\"\" href=\"https:\/\/bitacorapsicologia.com\/index.php\/natalia-sebastian\/\"> <span class=\"screen-reader-text\">Natalia Sebasti\u00e1n<\/span> Leer m\u00e1s &raquo;<\/a><\/p>\n","protected":false},"author":1,"featured_media":0,"parent":0,"menu_order":0,"comment_status":"closed","ping_status":"closed","template":"","meta":{"site-sidebar-layout":"no-sidebar","site-content-layout":"page-builder","ast-global-header-display":"","ast-banner-title-visibility":"","ast-main-header-display":"","ast-hfb-above-header-display":"","ast-hfb-below-header-display":"","ast-hfb-mobile-header-display":"","site-post-title":"disabled","ast-breadcrumbs-content":"","ast-featured-img":"disabled","footer-sml-layout":"","theme-transparent-header-meta":"","adv-header-id-meta":"","stick-header-meta":"","header-above-stick-meta":"","header-main-stick-meta":"","header-below-stick-meta":"","_joinchat":[],"footnotes":""},"class_list":["post-2230","page","type-page","status-publish","hentry"],"yoast_head":"<!-- This site is optimized with the Yoast SEO plugin v24.3 - https:\/\/yoast.com\/wordpress\/plugins\/seo\/ -->\n<title>Natalia Sebasti\u00e1n - Bit&aacute;cora Psicolog&iacute;a y Bienestar<\/title>\n<meta name=\"robots\" content=\"index, follow, max-snippet:-1, max-image-preview:large, max-video-preview:-1\" \/>\n<link rel=\"canonical\" href=\"https:\/\/bitacorapsicologia.com\/index.php\/natalia-sebastian\/\" \/>\n<meta property=\"og:locale\" content=\"es_ES\" \/>\n<meta property=\"og:type\" content=\"article\" \/>\n<meta property=\"og:title\" content=\"Natalia Sebasti\u00e1n - Bit&aacute;cora Psicolog&iacute;a y Bienestar\" \/>\n<meta property=\"og:description\" content=\"Natalia Sebasti\u00e1n de Erice Psic\u00f3loga sanitaria y neuropsic\u00f3loga M-39551 \u00a1Encantada de conocerte! \u00a0 Soy Natalia, psic\u00f3loga sanitaria y neuropsic\u00f3loga con experiencia en adultos, personas mayores, familias y ni\u00f1os. Mi base es cognitivo-conductual, por lo que me gusta\u00a0trabajar con los pensamientos y el comportamiento. Tambi\u00e9n, me he\u00a0formado en una perspectiva m\u00e1s integradora donde las emociones tienen &hellip; Natalia Sebasti\u00e1n Leer m\u00e1s &raquo;\" \/>\n<meta property=\"og:url\" content=\"https:\/\/bitacorapsicologia.com\/index.php\/natalia-sebastian\/\" \/>\n<meta property=\"og:site_name\" content=\"Bit&aacute;cora Psicolog&iacute;a y Bienestar\" \/>\n<meta property=\"article:publisher\" content=\"https:\/\/www.facebook.com\/sandrayrociopsicologas\/\" \/>\n<meta property=\"article:modified_time\" content=\"2026-03-04T10:07:25+00:00\" \/>\n<meta property=\"og:image\" content=\"https:\/\/bitacorapsicologia.com\/wp-content\/uploads\/2026\/03\/Foto-CV-renovado.jpeg\" \/>\n\t<meta property=\"og:image:width\" content=\"1066\" \/>\n\t<meta property=\"og:image:height\" content=\"1600\" \/>\n\t<meta property=\"og:image:type\" content=\"image\/jpeg\" \/>\n<meta name=\"twitter:card\" content=\"summary_large_image\" \/>\n<meta name=\"twitter:label1\" content=\"Tiempo de lectura\" \/>\n\t<meta name=\"twitter:data1\" content=\"2 minutos\" \/>\n<script type=\"application\/ld+json\" class=\"yoast-schema-graph\">{\"@context\":\"https:\/\/schema.org\",\"@graph\":[{\"@type\":\"WebPage\",\"@id\":\"https:\/\/bitacorapsicologia.com\/index.php\/natalia-sebastian\/\",\"url\":\"https:\/\/bitacorapsicologia.com\/index.php\/natalia-sebastian\/\",\"name\":\"Natalia Sebasti\u00e1n - Bit&aacute;cora Psicolog&iacute;a y Bienestar\",\"isPartOf\":{\"@id\":\"https:\/\/bitacorapsicologia.com\/#website\"},\"primaryImageOfPage\":{\"@id\":\"https:\/\/bitacorapsicologia.com\/index.php\/natalia-sebastian\/#primaryimage\"},\"image\":{\"@id\":\"https:\/\/bitacorapsicologia.com\/index.php\/natalia-sebastian\/#primaryimage\"},\"thumbnailUrl\":\"https:\/\/bitacorapsicologia.com\/wp-content\/uploads\/2026\/03\/Foto-CV-renovado-682x1024.jpeg\",\"datePublished\":\"2026-03-04T09:57:12+00:00\",\"dateModified\":\"2026-03-04T10:07:25+00:00\",\"breadcrumb\":{\"@id\":\"https:\/\/bitacorapsicologia.com\/index.php\/natalia-sebastian\/#breadcrumb\"},\"inLanguage\":\"es\",\"potentialAction\":[{\"@type\":\"ReadAction\",\"target\":[\"https:\/\/bitacorapsicologia.com\/index.php\/natalia-sebastian\/\"]}]},{\"@type\":\"ImageObject\",\"inLanguage\":\"es\",\"@id\":\"https:\/\/bitacorapsicologia.com\/index.php\/natalia-sebastian\/#primaryimage\",\"url\":\"https:\/\/bitacorapsicologia.com\/wp-content\/uploads\/2026\/03\/Foto-CV-renovado.jpeg\",\"contentUrl\":\"https:\/\/bitacorapsicologia.com\/wp-content\/uploads\/2026\/03\/Foto-CV-renovado.jpeg\",\"width\":1066,\"height\":1600},{\"@type\":\"BreadcrumbList\",\"@id\":\"https:\/\/bitacorapsicologia.com\/index.php\/natalia-sebastian\/#breadcrumb\",\"itemListElement\":[{\"@type\":\"ListItem\",\"position\":1,\"name\":\"Portada\",\"item\":\"https:\/\/bitacorapsicologia.com\/\"},{\"@type\":\"ListItem\",\"position\":2,\"name\":\"Natalia Sebasti\u00e1n\"}]},{\"@type\":\"WebSite\",\"@id\":\"https:\/\/bitacorapsicologia.com\/#website\",\"url\":\"https:\/\/bitacorapsicologia.com\/\",\"name\":\"Bit\u00e1cora Psicolog\u00eda y Bienestar\",\"description\":\"Bit&aacute;cora Psicolog&iacute;a y Bienestar\",\"publisher\":{\"@id\":\"https:\/\/bitacorapsicologia.com\/#organization\"},\"potentialAction\":[{\"@type\":\"SearchAction\",\"target\":{\"@type\":\"EntryPoint\",\"urlTemplate\":\"https:\/\/bitacorapsicologia.com\/?s={search_term_string}\"},\"query-input\":{\"@type\":\"PropertyValueSpecification\",\"valueRequired\":true,\"valueName\":\"search_term_string\"}}],\"inLanguage\":\"es\"},{\"@type\":\"Organization\",\"@id\":\"https:\/\/bitacorapsicologia.com\/#organization\",\"name\":\"Bit\u00e1cora Psicolog\u00eda y Bienestar\",\"url\":\"https:\/\/bitacorapsicologia.com\/\",\"logo\":{\"@type\":\"ImageObject\",\"inLanguage\":\"es\",\"@id\":\"https:\/\/bitacorapsicologia.com\/#\/schema\/logo\/image\/\",\"url\":\"https:\/\/bitacorapsicologia.com\/wp-content\/uploads\/2022\/02\/Bitacora-v_horiz.png\",\"contentUrl\":\"https:\/\/bitacorapsicologia.com\/wp-content\/uploads\/2022\/02\/Bitacora-v_horiz.png\",\"width\":1182,\"height\":591,\"caption\":\"Bit\u00e1cora Psicolog\u00eda y Bienestar\"},\"image\":{\"@id\":\"https:\/\/bitacorapsicologia.com\/#\/schema\/logo\/image\/\"},\"sameAs\":[\"https:\/\/www.facebook.com\/sandrayrociopsicologas\/\",\"https:\/\/www.instagram.com\/bitacora_psicologia\/\"]}]}<\/script>\n<!-- \/ Yoast SEO plugin. -->","yoast_head_json":{"title":"Natalia Sebasti\u00e1n - Bit&aacute;cora Psicolog&iacute;a y Bienestar","robots":{"index":"index","follow":"follow","max-snippet":"max-snippet:-1","max-image-preview":"max-image-preview:large","max-video-preview":"max-video-preview:-1"},"canonical":"https:\/\/bitacorapsicologia.com\/index.php\/natalia-sebastian\/","og_locale":"es_ES","og_type":"article","og_title":"Natalia Sebasti\u00e1n - Bit&aacute;cora Psicolog&iacute;a y Bienestar","og_description":"Natalia Sebasti\u00e1n de Erice Psic\u00f3loga sanitaria y neuropsic\u00f3loga M-39551 \u00a1Encantada de conocerte! \u00a0 Soy Natalia, psic\u00f3loga sanitaria y neuropsic\u00f3loga con experiencia en adultos, personas mayores, familias y ni\u00f1os. Mi base es cognitivo-conductual, por lo que me gusta\u00a0trabajar con los pensamientos y el comportamiento. Tambi\u00e9n, me he\u00a0formado en una perspectiva m\u00e1s integradora donde las emociones tienen &hellip; Natalia Sebasti\u00e1n Leer m\u00e1s &raquo;","og_url":"https:\/\/bitacorapsicologia.com\/index.php\/natalia-sebastian\/","og_site_name":"Bit&aacute;cora Psicolog&iacute;a y Bienestar","article_publisher":"https:\/\/www.facebook.com\/sandrayrociopsicologas\/","article_modified_time":"2026-03-04T10:07:25+00:00","og_image":[{"width":1066,"height":1600,"url":"https:\/\/bitacorapsicologia.com\/wp-content\/uploads\/2026\/03\/Foto-CV-renovado.jpeg","type":"image\/jpeg"}],"twitter_card":"summary_large_image","twitter_misc":{"Tiempo de lectura":"2 minutos"},"schema":{"@context":"https:\/\/schema.org","@graph":[{"@type":"WebPage","@id":"https:\/\/bitacorapsicologia.com\/index.php\/natalia-sebastian\/","url":"https:\/\/bitacorapsicologia.com\/index.php\/natalia-sebastian\/","name":"Natalia Sebasti\u00e1n - Bit&aacute;cora Psicolog&iacute;a y Bienestar","isPartOf":{"@id":"https:\/\/bitacorapsicologia.com\/#website"},"primaryImageOfPage":{"@id":"https:\/\/bitacorapsicologia.com\/index.php\/natalia-sebastian\/#primaryimage"},"image":{"@id":"https:\/\/bitacorapsicologia.com\/index.php\/natalia-sebastian\/#primaryimage"},"thumbnailUrl":"https:\/\/bitacorapsicologia.com\/wp-content\/uploads\/2026\/03\/Foto-CV-renovado-682x1024.jpeg","datePublished":"2026-03-04T09:57:12+00:00","dateModified":"2026-03-04T10:07:25+00:00","breadcrumb":{"@id":"https:\/\/bitacorapsicologia.com\/index.php\/natalia-sebastian\/#breadcrumb"},"inLanguage":"es","potentialAction":[{"@type":"ReadAction","target":["https:\/\/bitacorapsicologia.com\/index.php\/natalia-sebastian\/"]}]},{"@type":"ImageObject","inLanguage":"es","@id":"https:\/\/bitacorapsicologia.com\/index.php\/natalia-sebastian\/#primaryimage","url":"https:\/\/bitacorapsicologia.com\/wp-content\/uploads\/2026\/03\/Foto-CV-renovado.jpeg","contentUrl":"https:\/\/bitacorapsicologia.com\/wp-content\/uploads\/2026\/03\/Foto-CV-renovado.jpeg","width":1066,"height":1600},{"@type":"BreadcrumbList","@id":"https:\/\/bitacorapsicologia.com\/index.php\/natalia-sebastian\/#breadcrumb","itemListElement":[{"@type":"ListItem","position":1,"name":"Portada","item":"https:\/\/bitacorapsicologia.com\/"},{"@type":"ListItem","position":2,"name":"Natalia Sebasti\u00e1n"}]},{"@type":"WebSite","@id":"https:\/\/bitacorapsicologia.com\/#website","url":"https:\/\/bitacorapsicologia.com\/","name":"Bit\u00e1cora Psicolog\u00eda y Bienestar","description":"Bit&aacute;cora Psicolog&iacute;a y Bienestar","publisher":{"@id":"https:\/\/bitacorapsicologia.com\/#organization"},"potentialAction":[{"@type":"SearchAction","target":{"@type":"EntryPoint","urlTemplate":"https:\/\/bitacorapsicologia.com\/?s={search_term_string}"},"query-input":{"@type":"PropertyValueSpecification","valueRequired":true,"valueName":"search_term_string"}}],"inLanguage":"es"},{"@type":"Organization","@id":"https:\/\/bitacorapsicologia.com\/#organization","name":"Bit\u00e1cora Psicolog\u00eda y Bienestar","url":"https:\/\/bitacorapsicologia.com\/","logo":{"@type":"ImageObject","inLanguage":"es","@id":"https:\/\/bitacorapsicologia.com\/#\/schema\/logo\/image\/","url":"https:\/\/bitacorapsicologia.com\/wp-content\/uploads\/2022\/02\/Bitacora-v_horiz.png","contentUrl":"https:\/\/bitacorapsicologia.com\/wp-content\/uploads\/2022\/02\/Bitacora-v_horiz.png","width":1182,"height":591,"caption":"Bit\u00e1cora Psicolog\u00eda y Bienestar"},"image":{"@id":"https:\/\/bitacorapsicologia.com\/#\/schema\/logo\/image\/"},"sameAs":["https:\/\/www.facebook.com\/sandrayrociopsicologas\/","https:\/\/www.instagram.com\/bitacora_psicologia\/"]}]}},"_links":{"self":[{"href":"https:\/\/bitacorapsicologia.com\/index.php\/wp-json\/wp\/v2\/pages\/2230","targetHints":{"allow":["GET"]}}],"collection":[{"href":"https:\/\/bitacorapsicologia.com\/index.php\/wp-json\/wp\/v2\/pages"}],"about":[{"href":"https:\/\/bitacorapsicologia.com\/index.php\/wp-json\/wp\/v2\/types\/page"}],"author":[{"embeddable":true,"href":"https:\/\/bitacorapsicologia.com\/index.php\/wp-json\/wp\/v2\/users\/1"}],"replies":[{"embeddable":true,"href":"https:\/\/bitacorapsicologia.com\/index.php\/wp-json\/wp\/v2\/comments?post=2230"}],"version-history":[{"count":7,"href":"https:\/\/bitacorapsicologia.com\/index.php\/wp-json\/wp\/v2\/pages\/2230\/revisions"}],"predecessor-version":[{"id":2238,"href":"https:\/\/bitacorapsicologia.com\/index.php\/wp-json\/wp\/v2\/pages\/2230\/revisions\/2238"}],"wp:attachment":[{"href":"https:\/\/bitacorapsicologia.com\/index.php\/wp-json\/wp\/v2\/media?parent=2230"}],"curies":[{"name":"wp","href":"https:\/\/api.w.org\/{rel}","templated":true}]}}