{"id":2202,"date":"2026-02-27T14:02:38","date_gmt":"2026-02-27T14:02:38","guid":{"rendered":"https:\/\/bitacorapsicologia.com\/?page_id=2202"},"modified":"2026-03-04T10:14:48","modified_gmt":"2026-03-04T10:14:48","slug":"sira-pindado","status":"publish","type":"page","link":"https:\/\/bitacorapsicologia.com\/index.php\/sira-pindado\/","title":{"rendered":"Sira Pindado"},"content":{"rendered":"\t\t<div data-elementor-type=\"wp-page\" data-elementor-id=\"2202\" class=\"elementor elementor-2202\" data-elementor-post-type=\"page\">\n\t\t\t\t\t\t<section class=\"elementor-section elementor-top-section elementor-element elementor-element-5f6778a elementor-section-boxed elementor-section-height-default elementor-section-height-default\" data-id=\"5f6778a\" data-element_type=\"section\">\n\t\t\t\t\t\t<div class=\"elementor-container elementor-column-gap-default\">\n\t\t\t\t\t<div class=\"elementor-column elementor-col-100 elementor-top-column elementor-element elementor-element-b294d31\" data-id=\"b294d31\" data-element_type=\"column\">\n\t\t\t<div class=\"elementor-widget-wrap elementor-element-populated\">\n\t\t\t\t\t\t<div class=\"elementor-element elementor-element-f361330 elementor-widget elementor-widget-heading\" data-id=\"f361330\" data-element_type=\"widget\" data-widget_type=\"heading.default\">\n\t\t\t\t<div class=\"elementor-widget-container\">\n\t\t\t\t\t<h2 class=\"elementor-heading-title elementor-size-default\">Sira Pindado Sanz-Cruzado<\/h2>\t\t\t\t<\/div>\n\t\t\t\t<\/div>\n\t\t\t\t\t<\/div>\n\t\t<\/div>\n\t\t\t\t\t<\/div>\n\t\t<\/section>\n\t\t\t\t<section class=\"elementor-section elementor-top-section elementor-element elementor-element-819c4c1 elementor-section-boxed elementor-section-height-default elementor-section-height-default\" data-id=\"819c4c1\" data-element_type=\"section\">\n\t\t\t\t\t\t<div class=\"elementor-container elementor-column-gap-default\">\n\t\t\t\t\t<div class=\"elementor-column elementor-col-100 elementor-top-column elementor-element elementor-element-2b3e40d\" data-id=\"2b3e40d\" data-element_type=\"column\">\n\t\t\t<div class=\"elementor-widget-wrap elementor-element-populated\">\n\t\t\t\t\t\t<div class=\"elementor-element elementor-element-22e15b1 elementor-widget elementor-widget-heading\" data-id=\"22e15b1\" data-element_type=\"widget\" data-widget_type=\"heading.default\">\n\t\t\t\t<div class=\"elementor-widget-container\">\n\t\t\t\t\t<h2 class=\"elementor-heading-title elementor-size-default\">Psic\u00f3loga Sanitaria M-32024<\/h2>\t\t\t\t<\/div>\n\t\t\t\t<\/div>\n\t\t\t\t\t<\/div>\n\t\t<\/div>\n\t\t\t\t\t<\/div>\n\t\t<\/section>\n\t\t\t\t<section class=\"elementor-section elementor-top-section elementor-element elementor-element-2b902a7 elementor-section-boxed elementor-section-height-default elementor-section-height-default\" data-id=\"2b902a7\" data-element_type=\"section\">\n\t\t\t\t\t\t<div class=\"elementor-container elementor-column-gap-default\">\n\t\t\t\t\t<div class=\"elementor-column elementor-col-33 elementor-top-column elementor-element elementor-element-150eaca\" data-id=\"150eaca\" data-element_type=\"column\">\n\t\t\t<div class=\"elementor-widget-wrap elementor-element-populated\">\n\t\t\t\t\t\t<div class=\"elementor-element elementor-element-e0ba692 elementor-widget elementor-widget-image\" data-id=\"e0ba692\" data-element_type=\"widget\" data-widget_type=\"image.default\">\n\t\t\t\t<div class=\"elementor-widget-container\">\n\t\t\t\t\t\t\t\t\t\t\t\t\t\t\t<img fetchpriority=\"high\" decoding=\"async\" width=\"696\" height=\"1024\" src=\"https:\/\/bitacorapsicologia.com\/wp-content\/uploads\/2026\/02\/IMG_20260223_140041-scaled-e1772619221697-696x1024.jpg\" class=\"attachment-large size-large wp-image-2217\" alt=\"\" srcset=\"https:\/\/bitacorapsicologia.com\/wp-content\/uploads\/2026\/02\/IMG_20260223_140041-scaled-e1772619221697-696x1024.jpg 696w, https:\/\/bitacorapsicologia.com\/wp-content\/uploads\/2026\/02\/IMG_20260223_140041-scaled-e1772619221697-204x300.jpg 204w, https:\/\/bitacorapsicologia.com\/wp-content\/uploads\/2026\/02\/IMG_20260223_140041-scaled-e1772619221697-768x1130.jpg 768w, https:\/\/bitacorapsicologia.com\/wp-content\/uploads\/2026\/02\/IMG_20260223_140041-scaled-e1772619221697-1044x1536.jpg 1044w, https:\/\/bitacorapsicologia.com\/wp-content\/uploads\/2026\/02\/IMG_20260223_140041-scaled-e1772619221697.jpg 1160w\" sizes=\"(max-width: 696px) 100vw, 696px\" \/>\t\t\t\t\t\t\t\t\t\t\t\t\t\t\t<\/div>\n\t\t\t\t<\/div>\n\t\t\t\t\t<\/div>\n\t\t<\/div>\n\t\t\t\t<div class=\"elementor-column elementor-col-66 elementor-top-column elementor-element elementor-element-dad0a9b\" data-id=\"dad0a9b\" data-element_type=\"column\">\n\t\t\t<div class=\"elementor-widget-wrap elementor-element-populated\">\n\t\t\t\t\t\t<div class=\"elementor-element elementor-element-a8acc0e elementor-widget elementor-widget-text-editor\" data-id=\"a8acc0e\" data-element_type=\"widget\" data-widget_type=\"text-editor.default\">\n\t\t\t\t<div class=\"elementor-widget-container\">\n\t\t\t\t\t\t\t\t\t<h2 data-start=\"244\" data-end=\"273\">\u00a1Encantada de conocerte!<\/h2><p data-start=\"275\" data-end=\"429\">Dar el primer paso hacia tu bienestar emocional no siempre es f\u00e1cil, pero ya lo has hecho: buscar informaci\u00f3n y decidir comenzar tu proceso terap\u00e9utico.<\/p><p data-start=\"431\" data-end=\"753\">Soy <strong data-start=\"435\" data-end=\"443\">Sira<\/strong>, psic\u00f3loga especializada en <strong data-start=\"472\" data-end=\"504\">terapia cognitivo-conductual<\/strong>, y ser\u00e1 un placer acompa\u00f1arte en este camino hacia la comprensi\u00f3n, la sanaci\u00f3n y el desarrollo de tu mejor versi\u00f3n. Mi vocaci\u00f3n se basa en escuchar, guiar y ofrecer un apoyo profesional adaptado a cada persona, aprendiendo y creciendo junto a ti.<\/p><p data-start=\"755\" data-end=\"815\">Mi experiencia me permite trabajar con distintos perfiles:<\/p><ul data-start=\"816\" data-end=\"1031\"><li data-start=\"816\" data-end=\"895\"><p data-start=\"818\" data-end=\"895\"><strong data-start=\"818\" data-end=\"842\">Ni\u00f1os y adolescentes<\/strong>, ofreciendo apoyo directo y pautas a progenitores.<\/p><\/li><li data-start=\"896\" data-end=\"962\"><p data-start=\"898\" data-end=\"962\"><strong data-start=\"898\" data-end=\"909\">Adultos<\/strong>, con diferentes demandas emocionales y personales.<\/p><\/li><li data-start=\"963\" data-end=\"1031\"><p data-start=\"965\" data-end=\"1031\"><strong data-start=\"965\" data-end=\"976\">Parejas<\/strong>, para mejorar la comunicaci\u00f3n y resolver conflictos.<\/p><\/li><\/ul><p data-start=\"1033\" data-end=\"1420\">Adem\u00e1s, cuento con amplia formaci\u00f3n y experiencia en <strong data-start=\"1086\" data-end=\"1119\">evaluaciones psicopedag\u00f3gicas<\/strong> para detectar y tratar <strong data-start=\"1143\" data-end=\"1180\">TDAH, dislexia, altas capacidades<\/strong> y otras necesidades educativas. Cada proceso es individualizado, combinando t\u00e9cnicas de <strong data-start=\"1269\" data-end=\"1304\">psicolog\u00eda cognitivo-conductual<\/strong>, junto con herramientas de otras orientaciones terap\u00e9uticas, para garantizar el enfoque m\u00e1s adecuado a cada caso.<\/p><p data-start=\"1422\" data-end=\"1526\">Si est\u00e1s listo\/a para comenzar tu camino hacia el bienestar, estoy aqu\u00ed para acompa\u00f1arte en cada paso.<\/p><p data-start=\"1528\" data-end=\"1552\"><strong data-start=\"1528\" data-end=\"1550\">\u00a1Nos vemos pronto!<\/strong><\/p>\t\t\t\t\t\t\t\t<\/div>\n\t\t\t\t<\/div>\n\t\t\t\t\t<\/div>\n\t\t<\/div>\n\t\t\t\t\t<\/div>\n\t\t<\/section>\n\t\t\t\t<\/div>\n\t\t","protected":false},"excerpt":{"rendered":"<p>Sira Pindado Sanz-Cruzado Psic\u00f3loga Sanitaria M-32024 \u00a1Encantada de conocerte! Dar el primer paso hacia tu bienestar emocional no siempre es f\u00e1cil, pero ya lo has hecho: buscar informaci\u00f3n y decidir comenzar tu proceso terap\u00e9utico. Soy Sira, psic\u00f3loga especializada en terapia cognitivo-conductual, y ser\u00e1 un placer acompa\u00f1arte en este camino hacia la comprensi\u00f3n, la sanaci\u00f3n y &hellip;<\/p>\n<p class=\"read-more\"> <a class=\"\" href=\"https:\/\/bitacorapsicologia.com\/index.php\/sira-pindado\/\"> <span class=\"screen-reader-text\">Sira Pindado<\/span> Leer m\u00e1s &raquo;<\/a><\/p>\n","protected":false},"author":1,"featured_media":0,"parent":0,"menu_order":0,"comment_status":"closed","ping_status":"closed","template":"","meta":{"site-sidebar-layout":"no-sidebar","site-content-layout":"page-builder","ast-global-header-display":"","ast-banner-title-visibility":"","ast-main-header-display":"","ast-hfb-above-header-display":"","ast-hfb-below-header-display":"","ast-hfb-mobile-header-display":"","site-post-title":"disabled","ast-breadcrumbs-content":"","ast-featured-img":"disabled","footer-sml-layout":"","theme-transparent-header-meta":"","adv-header-id-meta":"","stick-header-meta":"","header-above-stick-meta":"","header-main-stick-meta":"","header-below-stick-meta":"","_joinchat":[],"footnotes":""},"class_list":["post-2202","page","type-page","status-publish","hentry"],"yoast_head":"<!-- This site is optimized with the Yoast SEO plugin v24.3 - https:\/\/yoast.com\/wordpress\/plugins\/seo\/ -->\n<title>Sira Pindado - Bit&aacute;cora Psicolog&iacute;a y Bienestar<\/title>\n<meta name=\"robots\" content=\"index, follow, max-snippet:-1, max-image-preview:large, max-video-preview:-1\" \/>\n<link rel=\"canonical\" href=\"https:\/\/bitacorapsicologia.com\/index.php\/sira-pindado\/\" \/>\n<meta property=\"og:locale\" content=\"es_ES\" \/>\n<meta property=\"og:type\" content=\"article\" \/>\n<meta property=\"og:title\" content=\"Sira Pindado - Bit&aacute;cora Psicolog&iacute;a y Bienestar\" \/>\n<meta property=\"og:description\" content=\"Sira Pindado Sanz-Cruzado Psic\u00f3loga Sanitaria M-32024 \u00a1Encantada de conocerte! Dar el primer paso hacia tu bienestar emocional no siempre es f\u00e1cil, pero ya lo has hecho: buscar informaci\u00f3n y decidir comenzar tu proceso terap\u00e9utico. Soy Sira, psic\u00f3loga especializada en terapia cognitivo-conductual, y ser\u00e1 un placer acompa\u00f1arte en este camino hacia la comprensi\u00f3n, la sanaci\u00f3n y &hellip; Sira Pindado Leer m\u00e1s &raquo;\" \/>\n<meta property=\"og:url\" content=\"https:\/\/bitacorapsicologia.com\/index.php\/sira-pindado\/\" \/>\n<meta property=\"og:site_name\" content=\"Bit&aacute;cora Psicolog&iacute;a y Bienestar\" \/>\n<meta property=\"article:publisher\" content=\"https:\/\/www.facebook.com\/sandrayrociopsicologas\/\" \/>\n<meta property=\"article:modified_time\" content=\"2026-03-04T10:14:48+00:00\" \/>\n<meta property=\"og:image\" content=\"https:\/\/bitacorapsicologia.com\/wp-content\/uploads\/2026\/02\/IMG_20260223_140041-scaled-e1772619221697.jpg\" \/>\n\t<meta property=\"og:image:width\" content=\"1160\" \/>\n\t<meta property=\"og:image:height\" content=\"1707\" \/>\n\t<meta property=\"og:image:type\" content=\"image\/jpeg\" \/>\n<meta name=\"twitter:card\" content=\"summary_large_image\" \/>\n<meta name=\"twitter:label1\" content=\"Tiempo de lectura\" \/>\n\t<meta name=\"twitter:data1\" content=\"2 minutos\" \/>\n<script type=\"application\/ld+json\" class=\"yoast-schema-graph\">{\"@context\":\"https:\/\/schema.org\",\"@graph\":[{\"@type\":\"WebPage\",\"@id\":\"https:\/\/bitacorapsicologia.com\/index.php\/sira-pindado\/\",\"url\":\"https:\/\/bitacorapsicologia.com\/index.php\/sira-pindado\/\",\"name\":\"Sira Pindado - Bit&aacute;cora Psicolog&iacute;a y Bienestar\",\"isPartOf\":{\"@id\":\"https:\/\/bitacorapsicologia.com\/#website\"},\"primaryImageOfPage\":{\"@id\":\"https:\/\/bitacorapsicologia.com\/index.php\/sira-pindado\/#primaryimage\"},\"image\":{\"@id\":\"https:\/\/bitacorapsicologia.com\/index.php\/sira-pindado\/#primaryimage\"},\"thumbnailUrl\":\"https:\/\/bitacorapsicologia.com\/wp-content\/uploads\/2026\/02\/IMG_20260223_140041-scaled-e1772619221697-696x1024.jpg\",\"datePublished\":\"2026-02-27T14:02:38+00:00\",\"dateModified\":\"2026-03-04T10:14:48+00:00\",\"breadcrumb\":{\"@id\":\"https:\/\/bitacorapsicologia.com\/index.php\/sira-pindado\/#breadcrumb\"},\"inLanguage\":\"es\",\"potentialAction\":[{\"@type\":\"ReadAction\",\"target\":[\"https:\/\/bitacorapsicologia.com\/index.php\/sira-pindado\/\"]}]},{\"@type\":\"ImageObject\",\"inLanguage\":\"es\",\"@id\":\"https:\/\/bitacorapsicologia.com\/index.php\/sira-pindado\/#primaryimage\",\"url\":\"https:\/\/bitacorapsicologia.com\/wp-content\/uploads\/2026\/02\/IMG_20260223_140041-scaled-e1772619221697.jpg\",\"contentUrl\":\"https:\/\/bitacorapsicologia.com\/wp-content\/uploads\/2026\/02\/IMG_20260223_140041-scaled-e1772619221697.jpg\",\"width\":1160,\"height\":1707},{\"@type\":\"BreadcrumbList\",\"@id\":\"https:\/\/bitacorapsicologia.com\/index.php\/sira-pindado\/#breadcrumb\",\"itemListElement\":[{\"@type\":\"ListItem\",\"position\":1,\"name\":\"Portada\",\"item\":\"https:\/\/bitacorapsicologia.com\/\"},{\"@type\":\"ListItem\",\"position\":2,\"name\":\"Sira Pindado\"}]},{\"@type\":\"WebSite\",\"@id\":\"https:\/\/bitacorapsicologia.com\/#website\",\"url\":\"https:\/\/bitacorapsicologia.com\/\",\"name\":\"Bit\u00e1cora Psicolog\u00eda y Bienestar\",\"description\":\"Bit&aacute;cora Psicolog&iacute;a y Bienestar\",\"publisher\":{\"@id\":\"https:\/\/bitacorapsicologia.com\/#organization\"},\"potentialAction\":[{\"@type\":\"SearchAction\",\"target\":{\"@type\":\"EntryPoint\",\"urlTemplate\":\"https:\/\/bitacorapsicologia.com\/?s={search_term_string}\"},\"query-input\":{\"@type\":\"PropertyValueSpecification\",\"valueRequired\":true,\"valueName\":\"search_term_string\"}}],\"inLanguage\":\"es\"},{\"@type\":\"Organization\",\"@id\":\"https:\/\/bitacorapsicologia.com\/#organization\",\"name\":\"Bit\u00e1cora Psicolog\u00eda y Bienestar\",\"url\":\"https:\/\/bitacorapsicologia.com\/\",\"logo\":{\"@type\":\"ImageObject\",\"inLanguage\":\"es\",\"@id\":\"https:\/\/bitacorapsicologia.com\/#\/schema\/logo\/image\/\",\"url\":\"https:\/\/bitacorapsicologia.com\/wp-content\/uploads\/2022\/02\/Bitacora-v_horiz.png\",\"contentUrl\":\"https:\/\/bitacorapsicologia.com\/wp-content\/uploads\/2022\/02\/Bitacora-v_horiz.png\",\"width\":1182,\"height\":591,\"caption\":\"Bit\u00e1cora Psicolog\u00eda y Bienestar\"},\"image\":{\"@id\":\"https:\/\/bitacorapsicologia.com\/#\/schema\/logo\/image\/\"},\"sameAs\":[\"https:\/\/www.facebook.com\/sandrayrociopsicologas\/\",\"https:\/\/www.instagram.com\/bitacora_psicologia\/\"]}]}<\/script>\n<!-- \/ Yoast SEO plugin. -->","yoast_head_json":{"title":"Sira Pindado - Bit&aacute;cora Psicolog&iacute;a y Bienestar","robots":{"index":"index","follow":"follow","max-snippet":"max-snippet:-1","max-image-preview":"max-image-preview:large","max-video-preview":"max-video-preview:-1"},"canonical":"https:\/\/bitacorapsicologia.com\/index.php\/sira-pindado\/","og_locale":"es_ES","og_type":"article","og_title":"Sira Pindado - Bit&aacute;cora Psicolog&iacute;a y Bienestar","og_description":"Sira Pindado Sanz-Cruzado Psic\u00f3loga Sanitaria M-32024 \u00a1Encantada de conocerte! Dar el primer paso hacia tu bienestar emocional no siempre es f\u00e1cil, pero ya lo has hecho: buscar informaci\u00f3n y decidir comenzar tu proceso terap\u00e9utico. Soy Sira, psic\u00f3loga especializada en terapia cognitivo-conductual, y ser\u00e1 un placer acompa\u00f1arte en este camino hacia la comprensi\u00f3n, la sanaci\u00f3n y &hellip; Sira Pindado Leer m\u00e1s &raquo;","og_url":"https:\/\/bitacorapsicologia.com\/index.php\/sira-pindado\/","og_site_name":"Bit&aacute;cora Psicolog&iacute;a y Bienestar","article_publisher":"https:\/\/www.facebook.com\/sandrayrociopsicologas\/","article_modified_time":"2026-03-04T10:14:48+00:00","og_image":[{"width":1160,"height":1707,"url":"https:\/\/bitacorapsicologia.com\/wp-content\/uploads\/2026\/02\/IMG_20260223_140041-scaled-e1772619221697.jpg","type":"image\/jpeg"}],"twitter_card":"summary_large_image","twitter_misc":{"Tiempo de lectura":"2 minutos"},"schema":{"@context":"https:\/\/schema.org","@graph":[{"@type":"WebPage","@id":"https:\/\/bitacorapsicologia.com\/index.php\/sira-pindado\/","url":"https:\/\/bitacorapsicologia.com\/index.php\/sira-pindado\/","name":"Sira Pindado - Bit&aacute;cora Psicolog&iacute;a y Bienestar","isPartOf":{"@id":"https:\/\/bitacorapsicologia.com\/#website"},"primaryImageOfPage":{"@id":"https:\/\/bitacorapsicologia.com\/index.php\/sira-pindado\/#primaryimage"},"image":{"@id":"https:\/\/bitacorapsicologia.com\/index.php\/sira-pindado\/#primaryimage"},"thumbnailUrl":"https:\/\/bitacorapsicologia.com\/wp-content\/uploads\/2026\/02\/IMG_20260223_140041-scaled-e1772619221697-696x1024.jpg","datePublished":"2026-02-27T14:02:38+00:00","dateModified":"2026-03-04T10:14:48+00:00","breadcrumb":{"@id":"https:\/\/bitacorapsicologia.com\/index.php\/sira-pindado\/#breadcrumb"},"inLanguage":"es","potentialAction":[{"@type":"ReadAction","target":["https:\/\/bitacorapsicologia.com\/index.php\/sira-pindado\/"]}]},{"@type":"ImageObject","inLanguage":"es","@id":"https:\/\/bitacorapsicologia.com\/index.php\/sira-pindado\/#primaryimage","url":"https:\/\/bitacorapsicologia.com\/wp-content\/uploads\/2026\/02\/IMG_20260223_140041-scaled-e1772619221697.jpg","contentUrl":"https:\/\/bitacorapsicologia.com\/wp-content\/uploads\/2026\/02\/IMG_20260223_140041-scaled-e1772619221697.jpg","width":1160,"height":1707},{"@type":"BreadcrumbList","@id":"https:\/\/bitacorapsicologia.com\/index.php\/sira-pindado\/#breadcrumb","itemListElement":[{"@type":"ListItem","position":1,"name":"Portada","item":"https:\/\/bitacorapsicologia.com\/"},{"@type":"ListItem","position":2,"name":"Sira Pindado"}]},{"@type":"WebSite","@id":"https:\/\/bitacorapsicologia.com\/#website","url":"https:\/\/bitacorapsicologia.com\/","name":"Bit\u00e1cora Psicolog\u00eda y Bienestar","description":"Bit&aacute;cora Psicolog&iacute;a y Bienestar","publisher":{"@id":"https:\/\/bitacorapsicologia.com\/#organization"},"potentialAction":[{"@type":"SearchAction","target":{"@type":"EntryPoint","urlTemplate":"https:\/\/bitacorapsicologia.com\/?s={search_term_string}"},"query-input":{"@type":"PropertyValueSpecification","valueRequired":true,"valueName":"search_term_string"}}],"inLanguage":"es"},{"@type":"Organization","@id":"https:\/\/bitacorapsicologia.com\/#organization","name":"Bit\u00e1cora Psicolog\u00eda y Bienestar","url":"https:\/\/bitacorapsicologia.com\/","logo":{"@type":"ImageObject","inLanguage":"es","@id":"https:\/\/bitacorapsicologia.com\/#\/schema\/logo\/image\/","url":"https:\/\/bitacorapsicologia.com\/wp-content\/uploads\/2022\/02\/Bitacora-v_horiz.png","contentUrl":"https:\/\/bitacorapsicologia.com\/wp-content\/uploads\/2022\/02\/Bitacora-v_horiz.png","width":1182,"height":591,"caption":"Bit\u00e1cora Psicolog\u00eda y Bienestar"},"image":{"@id":"https:\/\/bitacorapsicologia.com\/#\/schema\/logo\/image\/"},"sameAs":["https:\/\/www.facebook.com\/sandrayrociopsicologas\/","https:\/\/www.instagram.com\/bitacora_psicologia\/"]}]}},"_links":{"self":[{"href":"https:\/\/bitacorapsicologia.com\/index.php\/wp-json\/wp\/v2\/pages\/2202","targetHints":{"allow":["GET"]}}],"collection":[{"href":"https:\/\/bitacorapsicologia.com\/index.php\/wp-json\/wp\/v2\/pages"}],"about":[{"href":"https:\/\/bitacorapsicologia.com\/index.php\/wp-json\/wp\/v2\/types\/page"}],"author":[{"embeddable":true,"href":"https:\/\/bitacorapsicologia.com\/index.php\/wp-json\/wp\/v2\/users\/1"}],"replies":[{"embeddable":true,"href":"https:\/\/bitacorapsicologia.com\/index.php\/wp-json\/wp\/v2\/comments?post=2202"}],"version-history":[{"count":10,"href":"https:\/\/bitacorapsicologia.com\/index.php\/wp-json\/wp\/v2\/pages\/2202\/revisions"}],"predecessor-version":[{"id":2245,"href":"https:\/\/bitacorapsicologia.com\/index.php\/wp-json\/wp\/v2\/pages\/2202\/revisions\/2245"}],"wp:attachment":[{"href":"https:\/\/bitacorapsicologia.com\/index.php\/wp-json\/wp\/v2\/media?parent=2202"}],"curies":[{"name":"wp","href":"https:\/\/api.w.org\/{rel}","templated":true}]}}