{"id":2070,"date":"2025-09-16T15:57:57","date_gmt":"2025-09-16T15:57:57","guid":{"rendered":"https:\/\/bitacorapsicologia.com\/?page_id=2070"},"modified":"2025-09-17T11:11:06","modified_gmt":"2025-09-17T11:11:06","slug":"sandra-secilla","status":"publish","type":"page","link":"https:\/\/bitacorapsicologia.com\/index.php\/sandra-secilla\/","title":{"rendered":"Sandra Secilla"},"content":{"rendered":"\t\t<div data-elementor-type=\"wp-page\" data-elementor-id=\"2070\" class=\"elementor elementor-2070\" data-elementor-post-type=\"page\">\n\t\t\t\t\t\t<section class=\"elementor-section elementor-top-section elementor-element elementor-element-5f6778a elementor-section-boxed elementor-section-height-default elementor-section-height-default\" data-id=\"5f6778a\" data-element_type=\"section\">\n\t\t\t\t\t\t<div class=\"elementor-container elementor-column-gap-default\">\n\t\t\t\t\t<div class=\"elementor-column elementor-col-100 elementor-top-column elementor-element elementor-element-b294d31\" data-id=\"b294d31\" data-element_type=\"column\">\n\t\t\t<div class=\"elementor-widget-wrap elementor-element-populated\">\n\t\t\t\t\t\t<div class=\"elementor-element elementor-element-f361330 elementor-widget elementor-widget-heading\" data-id=\"f361330\" data-element_type=\"widget\" data-widget_type=\"heading.default\">\n\t\t\t\t<div class=\"elementor-widget-container\">\n\t\t\t\t\t<h2 class=\"elementor-heading-title elementor-size-default\">Sandra Secilla Rubiales<\/h2>\t\t\t\t<\/div>\n\t\t\t\t<\/div>\n\t\t\t\t\t<\/div>\n\t\t<\/div>\n\t\t\t\t\t<\/div>\n\t\t<\/section>\n\t\t\t\t<section class=\"elementor-section elementor-top-section elementor-element elementor-element-819c4c1 elementor-section-boxed elementor-section-height-default elementor-section-height-default\" data-id=\"819c4c1\" data-element_type=\"section\">\n\t\t\t\t\t\t<div class=\"elementor-container elementor-column-gap-default\">\n\t\t\t\t\t<div class=\"elementor-column elementor-col-100 elementor-top-column elementor-element elementor-element-2b3e40d\" data-id=\"2b3e40d\" data-element_type=\"column\">\n\t\t\t<div class=\"elementor-widget-wrap elementor-element-populated\">\n\t\t\t\t\t\t<div class=\"elementor-element elementor-element-22e15b1 elementor-widget elementor-widget-heading\" data-id=\"22e15b1\" data-element_type=\"widget\" data-widget_type=\"heading.default\">\n\t\t\t\t<div class=\"elementor-widget-container\">\n\t\t\t\t\t<h2 class=\"elementor-heading-title elementor-size-default\">Psic\u00f3loga Sanitaria CM-03602<\/h2>\t\t\t\t<\/div>\n\t\t\t\t<\/div>\n\t\t\t\t\t<\/div>\n\t\t<\/div>\n\t\t\t\t\t<\/div>\n\t\t<\/section>\n\t\t\t\t<section class=\"elementor-section elementor-top-section elementor-element elementor-element-71317b3 elementor-section-boxed elementor-section-height-default elementor-section-height-default\" data-id=\"71317b3\" data-element_type=\"section\">\n\t\t\t\t\t\t<div class=\"elementor-container elementor-column-gap-default\">\n\t\t\t\t\t<div class=\"elementor-column elementor-col-50 elementor-top-column elementor-element elementor-element-b395a6f\" data-id=\"b395a6f\" data-element_type=\"column\">\n\t\t\t<div class=\"elementor-widget-wrap elementor-element-populated\">\n\t\t\t\t\t\t<div class=\"elementor-element elementor-element-2880524 elementor-widget elementor-widget-text-editor\" data-id=\"2880524\" data-element_type=\"widget\" data-widget_type=\"text-editor.default\">\n\t\t\t\t<div class=\"elementor-widget-container\">\n\t\t\t\t\t\t\t\t\t<div dir=\"auto\"><div dir=\"auto\">\u00a1Hola a todxs!<br \/><br \/>Me presento: soy Sandra, Psic\u00f3loga General Sanitaria. Desde ni\u00f1a, so\u00f1\u00e9 con formarme como psic\u00f3loga para poder atender y acompa\u00f1ar las problem\u00e1ticas emocionales presentes en las personas. El trabajo personal y la confianza depositada sobre mi, me han permitido cumplir con este deseo.\u00a0<br \/><br \/><strong>Trabajo desde una perspectiva integradora y de g\u00e9nero.<\/strong> De esta manera, adapto la intervenci\u00f3n a tus necesidades espec\u00edficas y tengo en cuenta el contexto sociocultural en el origen y mantenimiento de ciertas problem\u00e1ticas. <strong>Desde mi mirada contextual, te ayudo a cambiar la relaci\u00f3n que tienes con tu dolor, ense\u00f1\u00e1ndote a abrazarlo y sostenerlo.<\/strong><br \/><br \/>Creo firmemente que todas las personas que se sientan delante de m\u00ed est\u00e1n llenas de fortalezas.<\/div><div dir=\"auto\">En terapia, creamos un lugar seguro donde ponemos nombre a cada una de ellas, entrenamos la mirada\u00a0autocompasiva y construimos\u00a0vidas que merezcan la pena ser vividas.<\/div><div dir=\"auto\">\u00a0<\/div><div dir=\"auto\">\u00a1Te espero!\u00a0<\/div><\/div><div dir=\"auto\">\u00a0<\/div><div dir=\"auto\">Un abrazo\u00a0<img decoding=\"async\" class=\"an1\" draggable=\"false\" src=\"https:\/\/fonts.gstatic.com\/s\/e\/notoemoji\/16.0\/2728\/32.png\" alt=\"\u2728\" data-emoji=\"\u2728\" aria-label=\"\u2728\" \/><\/div>\t\t\t\t\t\t\t\t<\/div>\n\t\t\t\t<\/div>\n\t\t\t\t\t<\/div>\n\t\t<\/div>\n\t\t\t\t<div class=\"elementor-column elementor-col-50 elementor-top-column elementor-element elementor-element-e242ddf\" data-id=\"e242ddf\" data-element_type=\"column\">\n\t\t\t<div class=\"elementor-widget-wrap\">\n\t\t\t\t\t\t\t<\/div>\n\t\t<\/div>\n\t\t\t\t\t<\/div>\n\t\t<\/section>\n\t\t\t\t<section class=\"elementor-section elementor-top-section elementor-element elementor-element-3f754dc elementor-section-boxed elementor-section-height-default elementor-section-height-default\" data-id=\"3f754dc\" data-element_type=\"section\">\n\t\t\t\t\t\t<div class=\"elementor-container elementor-column-gap-default\">\n\t\t\t\t\t<div class=\"elementor-column elementor-col-100 elementor-top-column elementor-element elementor-element-27665d8\" data-id=\"27665d8\" data-element_type=\"column\">\n\t\t\t<div class=\"elementor-widget-wrap elementor-element-populated\">\n\t\t\t\t\t\t<div class=\"elementor-element elementor-element-3d21e3a elementor-align-center elementor-widget elementor-widget-button\" data-id=\"3d21e3a\" data-element_type=\"widget\" data-widget_type=\"button.default\">\n\t\t\t\t<div class=\"elementor-widget-container\">\n\t\t\t\t\t\t\t\t\t<div class=\"elementor-button-wrapper\">\n\t\t\t\t\t<a class=\"elementor-button elementor-button-link elementor-size-sm\" href=\"https:\/\/www.instagram.com\/laconsultadesandra\/\">\n\t\t\t\t\t\t<span class=\"elementor-button-content-wrapper\">\n\t\t\t\t\t\t\t\t\t<span class=\"elementor-button-text\">Un poquito m\u00e1s sobre m\u00ed<\/span>\n\t\t\t\t\t<\/span>\n\t\t\t\t\t<\/a>\n\t\t\t\t<\/div>\n\t\t\t\t\t\t\t\t<\/div>\n\t\t\t\t<\/div>\n\t\t\t\t\t<\/div>\n\t\t<\/div>\n\t\t\t\t\t<\/div>\n\t\t<\/section>\n\t\t\t\t<section class=\"elementor-section elementor-top-section elementor-element elementor-element-3a54614 elementor-section-boxed elementor-section-height-default elementor-section-height-default\" data-id=\"3a54614\" data-element_type=\"section\">\n\t\t\t\t\t\t<div class=\"elementor-container elementor-column-gap-default\">\n\t\t\t\t\t<div class=\"elementor-column elementor-col-100 elementor-top-column elementor-element elementor-element-d0d0bb1\" data-id=\"d0d0bb1\" data-element_type=\"column\">\n\t\t\t<div class=\"elementor-widget-wrap elementor-element-populated\">\n\t\t\t\t\t\t<div class=\"elementor-element elementor-element-75f5db5 elementor-widget elementor-widget-image\" data-id=\"75f5db5\" data-element_type=\"widget\" data-widget_type=\"image.default\">\n\t\t\t\t<div class=\"elementor-widget-container\">\n\t\t\t\t\t\t\t\t\t\t\t\t\t\t\t<img fetchpriority=\"high\" decoding=\"async\" width=\"768\" height=\"945\" src=\"https:\/\/bitacorapsicologia.com\/wp-content\/uploads\/2025\/09\/unnamed-e1758107416480-768x945.jpg\" class=\"attachment-medium_large size-medium_large wp-image-2066\" alt=\"\" srcset=\"https:\/\/bitacorapsicologia.com\/wp-content\/uploads\/2025\/09\/unnamed-e1758107416480-768x945.jpg 768w, https:\/\/bitacorapsicologia.com\/wp-content\/uploads\/2025\/09\/unnamed-e1758107416480-244x300.jpg 244w, https:\/\/bitacorapsicologia.com\/wp-content\/uploads\/2025\/09\/unnamed-e1758107416480-832x1024.jpg 832w, https:\/\/bitacorapsicologia.com\/wp-content\/uploads\/2025\/09\/unnamed-e1758107416480.jpg 1200w\" sizes=\"(max-width: 768px) 100vw, 768px\" \/>\t\t\t\t\t\t\t\t\t\t\t\t\t\t\t<\/div>\n\t\t\t\t<\/div>\n\t\t\t\t\t<\/div>\n\t\t<\/div>\n\t\t\t\t\t<\/div>\n\t\t<\/section>\n\t\t\t\t<\/div>\n\t\t","protected":false},"excerpt":{"rendered":"<p>Sandra Secilla Rubiales Psic\u00f3loga Sanitaria CM-03602 \u00a1Hola a todxs! Me presento: soy Sandra, Psic\u00f3loga General Sanitaria. Desde ni\u00f1a, so\u00f1\u00e9 con formarme como psic\u00f3loga para poder atender y acompa\u00f1ar las problem\u00e1ticas emocionales presentes en las personas. El trabajo personal y la confianza depositada sobre mi, me han permitido cumplir con este deseo.\u00a0 Trabajo desde una perspectiva &hellip;<\/p>\n<p class=\"read-more\"> <a class=\"\" href=\"https:\/\/bitacorapsicologia.com\/index.php\/sandra-secilla\/\"> <span class=\"screen-reader-text\">Sandra Secilla<\/span> Leer m\u00e1s &raquo;<\/a><\/p>\n","protected":false},"author":1,"featured_media":0,"parent":0,"menu_order":0,"comment_status":"closed","ping_status":"closed","template":"","meta":{"site-sidebar-layout":"no-sidebar","site-content-layout":"page-builder","ast-global-header-display":"","ast-banner-title-visibility":"","ast-main-header-display":"","ast-hfb-above-header-display":"","ast-hfb-below-header-display":"","ast-hfb-mobile-header-display":"","site-post-title":"disabled","ast-breadcrumbs-content":"","ast-featured-img":"disabled","footer-sml-layout":"","theme-transparent-header-meta":"","adv-header-id-meta":"","stick-header-meta":"","header-above-stick-meta":"","header-main-stick-meta":"","header-below-stick-meta":"","_joinchat":[],"footnotes":""},"class_list":["post-2070","page","type-page","status-publish","hentry"],"yoast_head":"<!-- This site is optimized with the Yoast SEO plugin v24.3 - https:\/\/yoast.com\/wordpress\/plugins\/seo\/ -->\n<title>Sandra Secilla - Bit&aacute;cora Psicolog&iacute;a y Bienestar<\/title>\n<meta name=\"robots\" content=\"index, follow, max-snippet:-1, max-image-preview:large, max-video-preview:-1\" \/>\n<link rel=\"canonical\" href=\"https:\/\/bitacorapsicologia.com\/index.php\/sandra-secilla\/\" \/>\n<meta property=\"og:locale\" content=\"es_ES\" \/>\n<meta property=\"og:type\" content=\"article\" \/>\n<meta property=\"og:title\" content=\"Sandra Secilla - Bit&aacute;cora Psicolog&iacute;a y Bienestar\" \/>\n<meta property=\"og:description\" content=\"Sandra Secilla Rubiales Psic\u00f3loga Sanitaria CM-03602 \u00a1Hola a todxs! Me presento: soy Sandra, Psic\u00f3loga General Sanitaria. Desde ni\u00f1a, so\u00f1\u00e9 con formarme como psic\u00f3loga para poder atender y acompa\u00f1ar las problem\u00e1ticas emocionales presentes en las personas. El trabajo personal y la confianza depositada sobre mi, me han permitido cumplir con este deseo.\u00a0 Trabajo desde una perspectiva &hellip; Sandra Secilla Leer m\u00e1s &raquo;\" \/>\n<meta property=\"og:url\" content=\"https:\/\/bitacorapsicologia.com\/index.php\/sandra-secilla\/\" \/>\n<meta property=\"og:site_name\" content=\"Bit&aacute;cora Psicolog&iacute;a y Bienestar\" \/>\n<meta property=\"article:publisher\" content=\"https:\/\/www.facebook.com\/sandrayrociopsicologas\/\" \/>\n<meta property=\"article:modified_time\" content=\"2025-09-17T11:11:06+00:00\" \/>\n<meta property=\"og:image\" content=\"https:\/\/fonts.gstatic.com\/s\/e\/notoemoji\/16.0\/2728\/32.png\" \/>\n<meta name=\"twitter:card\" content=\"summary_large_image\" \/>\n<meta name=\"twitter:label1\" content=\"Tiempo de lectura\" \/>\n\t<meta name=\"twitter:data1\" content=\"2 minutos\" \/>\n<script type=\"application\/ld+json\" class=\"yoast-schema-graph\">{\"@context\":\"https:\/\/schema.org\",\"@graph\":[{\"@type\":\"WebPage\",\"@id\":\"https:\/\/bitacorapsicologia.com\/index.php\/sandra-secilla\/\",\"url\":\"https:\/\/bitacorapsicologia.com\/index.php\/sandra-secilla\/\",\"name\":\"Sandra Secilla - Bit&aacute;cora Psicolog&iacute;a y Bienestar\",\"isPartOf\":{\"@id\":\"https:\/\/bitacorapsicologia.com\/#website\"},\"primaryImageOfPage\":{\"@id\":\"https:\/\/bitacorapsicologia.com\/index.php\/sandra-secilla\/#primaryimage\"},\"image\":{\"@id\":\"https:\/\/bitacorapsicologia.com\/index.php\/sandra-secilla\/#primaryimage\"},\"thumbnailUrl\":\"https:\/\/fonts.gstatic.com\/s\/e\/notoemoji\/16.0\/2728\/32.png\",\"datePublished\":\"2025-09-16T15:57:57+00:00\",\"dateModified\":\"2025-09-17T11:11:06+00:00\",\"breadcrumb\":{\"@id\":\"https:\/\/bitacorapsicologia.com\/index.php\/sandra-secilla\/#breadcrumb\"},\"inLanguage\":\"es\",\"potentialAction\":[{\"@type\":\"ReadAction\",\"target\":[\"https:\/\/bitacorapsicologia.com\/index.php\/sandra-secilla\/\"]}]},{\"@type\":\"ImageObject\",\"inLanguage\":\"es\",\"@id\":\"https:\/\/bitacorapsicologia.com\/index.php\/sandra-secilla\/#primaryimage\",\"url\":\"https:\/\/fonts.gstatic.com\/s\/e\/notoemoji\/16.0\/2728\/32.png\",\"contentUrl\":\"https:\/\/fonts.gstatic.com\/s\/e\/notoemoji\/16.0\/2728\/32.png\"},{\"@type\":\"BreadcrumbList\",\"@id\":\"https:\/\/bitacorapsicologia.com\/index.php\/sandra-secilla\/#breadcrumb\",\"itemListElement\":[{\"@type\":\"ListItem\",\"position\":1,\"name\":\"Portada\",\"item\":\"https:\/\/bitacorapsicologia.com\/\"},{\"@type\":\"ListItem\",\"position\":2,\"name\":\"Sandra Secilla\"}]},{\"@type\":\"WebSite\",\"@id\":\"https:\/\/bitacorapsicologia.com\/#website\",\"url\":\"https:\/\/bitacorapsicologia.com\/\",\"name\":\"Bit\u00e1cora Psicolog\u00eda y Bienestar\",\"description\":\"Bit&aacute;cora Psicolog&iacute;a y Bienestar\",\"publisher\":{\"@id\":\"https:\/\/bitacorapsicologia.com\/#organization\"},\"potentialAction\":[{\"@type\":\"SearchAction\",\"target\":{\"@type\":\"EntryPoint\",\"urlTemplate\":\"https:\/\/bitacorapsicologia.com\/?s={search_term_string}\"},\"query-input\":{\"@type\":\"PropertyValueSpecification\",\"valueRequired\":true,\"valueName\":\"search_term_string\"}}],\"inLanguage\":\"es\"},{\"@type\":\"Organization\",\"@id\":\"https:\/\/bitacorapsicologia.com\/#organization\",\"name\":\"Bit\u00e1cora Psicolog\u00eda y Bienestar\",\"url\":\"https:\/\/bitacorapsicologia.com\/\",\"logo\":{\"@type\":\"ImageObject\",\"inLanguage\":\"es\",\"@id\":\"https:\/\/bitacorapsicologia.com\/#\/schema\/logo\/image\/\",\"url\":\"https:\/\/bitacorapsicologia.com\/wp-content\/uploads\/2022\/02\/Bitacora-v_horiz.png\",\"contentUrl\":\"https:\/\/bitacorapsicologia.com\/wp-content\/uploads\/2022\/02\/Bitacora-v_horiz.png\",\"width\":1182,\"height\":591,\"caption\":\"Bit\u00e1cora Psicolog\u00eda y Bienestar\"},\"image\":{\"@id\":\"https:\/\/bitacorapsicologia.com\/#\/schema\/logo\/image\/\"},\"sameAs\":[\"https:\/\/www.facebook.com\/sandrayrociopsicologas\/\",\"https:\/\/www.instagram.com\/bitacora_psicologia\/\"]}]}<\/script>\n<!-- \/ Yoast SEO plugin. -->","yoast_head_json":{"title":"Sandra Secilla - Bit&aacute;cora Psicolog&iacute;a y Bienestar","robots":{"index":"index","follow":"follow","max-snippet":"max-snippet:-1","max-image-preview":"max-image-preview:large","max-video-preview":"max-video-preview:-1"},"canonical":"https:\/\/bitacorapsicologia.com\/index.php\/sandra-secilla\/","og_locale":"es_ES","og_type":"article","og_title":"Sandra Secilla - Bit&aacute;cora Psicolog&iacute;a y Bienestar","og_description":"Sandra Secilla Rubiales Psic\u00f3loga Sanitaria CM-03602 \u00a1Hola a todxs! Me presento: soy Sandra, Psic\u00f3loga General Sanitaria. Desde ni\u00f1a, so\u00f1\u00e9 con formarme como psic\u00f3loga para poder atender y acompa\u00f1ar las problem\u00e1ticas emocionales presentes en las personas. El trabajo personal y la confianza depositada sobre mi, me han permitido cumplir con este deseo.\u00a0 Trabajo desde una perspectiva &hellip; Sandra Secilla Leer m\u00e1s &raquo;","og_url":"https:\/\/bitacorapsicologia.com\/index.php\/sandra-secilla\/","og_site_name":"Bit&aacute;cora Psicolog&iacute;a y Bienestar","article_publisher":"https:\/\/www.facebook.com\/sandrayrociopsicologas\/","article_modified_time":"2025-09-17T11:11:06+00:00","og_image":[{"url":"https:\/\/fonts.gstatic.com\/s\/e\/notoemoji\/16.0\/2728\/32.png","type":"","width":"","height":""}],"twitter_card":"summary_large_image","twitter_misc":{"Tiempo de lectura":"2 minutos"},"schema":{"@context":"https:\/\/schema.org","@graph":[{"@type":"WebPage","@id":"https:\/\/bitacorapsicologia.com\/index.php\/sandra-secilla\/","url":"https:\/\/bitacorapsicologia.com\/index.php\/sandra-secilla\/","name":"Sandra Secilla - Bit&aacute;cora Psicolog&iacute;a y Bienestar","isPartOf":{"@id":"https:\/\/bitacorapsicologia.com\/#website"},"primaryImageOfPage":{"@id":"https:\/\/bitacorapsicologia.com\/index.php\/sandra-secilla\/#primaryimage"},"image":{"@id":"https:\/\/bitacorapsicologia.com\/index.php\/sandra-secilla\/#primaryimage"},"thumbnailUrl":"https:\/\/fonts.gstatic.com\/s\/e\/notoemoji\/16.0\/2728\/32.png","datePublished":"2025-09-16T15:57:57+00:00","dateModified":"2025-09-17T11:11:06+00:00","breadcrumb":{"@id":"https:\/\/bitacorapsicologia.com\/index.php\/sandra-secilla\/#breadcrumb"},"inLanguage":"es","potentialAction":[{"@type":"ReadAction","target":["https:\/\/bitacorapsicologia.com\/index.php\/sandra-secilla\/"]}]},{"@type":"ImageObject","inLanguage":"es","@id":"https:\/\/bitacorapsicologia.com\/index.php\/sandra-secilla\/#primaryimage","url":"https:\/\/fonts.gstatic.com\/s\/e\/notoemoji\/16.0\/2728\/32.png","contentUrl":"https:\/\/fonts.gstatic.com\/s\/e\/notoemoji\/16.0\/2728\/32.png"},{"@type":"BreadcrumbList","@id":"https:\/\/bitacorapsicologia.com\/index.php\/sandra-secilla\/#breadcrumb","itemListElement":[{"@type":"ListItem","position":1,"name":"Portada","item":"https:\/\/bitacorapsicologia.com\/"},{"@type":"ListItem","position":2,"name":"Sandra Secilla"}]},{"@type":"WebSite","@id":"https:\/\/bitacorapsicologia.com\/#website","url":"https:\/\/bitacorapsicologia.com\/","name":"Bit\u00e1cora Psicolog\u00eda y Bienestar","description":"Bit&aacute;cora Psicolog&iacute;a y Bienestar","publisher":{"@id":"https:\/\/bitacorapsicologia.com\/#organization"},"potentialAction":[{"@type":"SearchAction","target":{"@type":"EntryPoint","urlTemplate":"https:\/\/bitacorapsicologia.com\/?s={search_term_string}"},"query-input":{"@type":"PropertyValueSpecification","valueRequired":true,"valueName":"search_term_string"}}],"inLanguage":"es"},{"@type":"Organization","@id":"https:\/\/bitacorapsicologia.com\/#organization","name":"Bit\u00e1cora Psicolog\u00eda y Bienestar","url":"https:\/\/bitacorapsicologia.com\/","logo":{"@type":"ImageObject","inLanguage":"es","@id":"https:\/\/bitacorapsicologia.com\/#\/schema\/logo\/image\/","url":"https:\/\/bitacorapsicologia.com\/wp-content\/uploads\/2022\/02\/Bitacora-v_horiz.png","contentUrl":"https:\/\/bitacorapsicologia.com\/wp-content\/uploads\/2022\/02\/Bitacora-v_horiz.png","width":1182,"height":591,"caption":"Bit\u00e1cora Psicolog\u00eda y Bienestar"},"image":{"@id":"https:\/\/bitacorapsicologia.com\/#\/schema\/logo\/image\/"},"sameAs":["https:\/\/www.facebook.com\/sandrayrociopsicologas\/","https:\/\/www.instagram.com\/bitacora_psicologia\/"]}]}},"_links":{"self":[{"href":"https:\/\/bitacorapsicologia.com\/index.php\/wp-json\/wp\/v2\/pages\/2070","targetHints":{"allow":["GET"]}}],"collection":[{"href":"https:\/\/bitacorapsicologia.com\/index.php\/wp-json\/wp\/v2\/pages"}],"about":[{"href":"https:\/\/bitacorapsicologia.com\/index.php\/wp-json\/wp\/v2\/types\/page"}],"author":[{"embeddable":true,"href":"https:\/\/bitacorapsicologia.com\/index.php\/wp-json\/wp\/v2\/users\/1"}],"replies":[{"embeddable":true,"href":"https:\/\/bitacorapsicologia.com\/index.php\/wp-json\/wp\/v2\/comments?post=2070"}],"version-history":[{"count":10,"href":"https:\/\/bitacorapsicologia.com\/index.php\/wp-json\/wp\/v2\/pages\/2070\/revisions"}],"predecessor-version":[{"id":2086,"href":"https:\/\/bitacorapsicologia.com\/index.php\/wp-json\/wp\/v2\/pages\/2070\/revisions\/2086"}],"wp:attachment":[{"href":"https:\/\/bitacorapsicologia.com\/index.php\/wp-json\/wp\/v2\/media?parent=2070"}],"curies":[{"name":"wp","href":"https:\/\/api.w.org\/{rel}","templated":true}]}}