{"id":1715,"date":"2025-07-23T12:40:15","date_gmt":"2025-07-23T12:40:15","guid":{"rendered":"https:\/\/bitacorapsicologia.com\/?page_id=1715"},"modified":"2026-03-04T10:11:12","modified_gmt":"2026-03-04T10:11:12","slug":"jose-cuenca-leton","status":"publish","type":"page","link":"https:\/\/bitacorapsicologia.com\/index.php\/jose-cuenca-leton\/","title":{"rendered":"Jos\u00e9 Cuenca Let\u00f3n"},"content":{"rendered":"\t\t<div data-elementor-type=\"wp-page\" data-elementor-id=\"1715\" class=\"elementor elementor-1715\" data-elementor-post-type=\"page\">\n\t\t\t\t\t\t<section class=\"elementor-section elementor-top-section elementor-element elementor-element-5f6778a elementor-section-boxed elementor-section-height-default elementor-section-height-default\" data-id=\"5f6778a\" data-element_type=\"section\">\n\t\t\t\t\t\t<div class=\"elementor-container elementor-column-gap-default\">\n\t\t\t\t\t<div class=\"elementor-column elementor-col-100 elementor-top-column elementor-element elementor-element-b294d31\" data-id=\"b294d31\" data-element_type=\"column\">\n\t\t\t<div class=\"elementor-widget-wrap elementor-element-populated\">\n\t\t\t\t\t\t<div class=\"elementor-element elementor-element-f361330 elementor-widget elementor-widget-heading\" data-id=\"f361330\" data-element_type=\"widget\" data-widget_type=\"heading.default\">\n\t\t\t\t<div class=\"elementor-widget-container\">\n\t\t\t\t\t<h2 class=\"elementor-heading-title elementor-size-default\">Jos\u00e9 Cuenca Let\u00f3n<\/h2>\t\t\t\t<\/div>\n\t\t\t\t<\/div>\n\t\t\t\t\t<\/div>\n\t\t<\/div>\n\t\t\t\t\t<\/div>\n\t\t<\/section>\n\t\t\t\t<section class=\"elementor-section elementor-top-section elementor-element elementor-element-e99b9d3 elementor-section-boxed elementor-section-height-default elementor-section-height-default\" data-id=\"e99b9d3\" data-element_type=\"section\">\n\t\t\t\t\t\t<div class=\"elementor-container elementor-column-gap-default\">\n\t\t\t\t\t<div class=\"elementor-column elementor-col-100 elementor-top-column elementor-element elementor-element-c1e625b\" data-id=\"c1e625b\" data-element_type=\"column\">\n\t\t\t<div class=\"elementor-widget-wrap elementor-element-populated\">\n\t\t\t\t\t\t<div class=\"elementor-element elementor-element-12f9182 elementor-widget elementor-widget-text-editor\" data-id=\"12f9182\" data-element_type=\"widget\" data-widget_type=\"text-editor.default\">\n\t\t\t\t<div class=\"elementor-widget-container\">\n\t\t\t\t\t\t\t\t\t<h3 style=\"text-align: center;\"><span style=\"color: #33cccc;\">Psic\u00f3logo Sanitario M-37800<\/span><\/h3>\t\t\t\t\t\t\t\t<\/div>\n\t\t\t\t<\/div>\n\t\t\t\t\t<\/div>\n\t\t<\/div>\n\t\t\t\t\t<\/div>\n\t\t<\/section>\n\t\t\t\t<section class=\"elementor-section elementor-top-section elementor-element elementor-element-e248d79 elementor-section-boxed elementor-section-height-default elementor-section-height-default\" data-id=\"e248d79\" data-element_type=\"section\">\n\t\t\t\t\t\t<div class=\"elementor-container elementor-column-gap-default\">\n\t\t\t\t\t<div class=\"elementor-column elementor-col-33 elementor-top-column elementor-element elementor-element-c7d6881\" data-id=\"c7d6881\" data-element_type=\"column\">\n\t\t\t<div class=\"elementor-widget-wrap elementor-element-populated\">\n\t\t\t\t\t\t<div class=\"elementor-element elementor-element-d370b61 elementor-widget elementor-widget-image\" data-id=\"d370b61\" data-element_type=\"widget\" data-widget_type=\"image.default\">\n\t\t\t\t<div class=\"elementor-widget-container\">\n\t\t\t\t\t\t\t\t\t\t\t\t\t\t\t<img fetchpriority=\"high\" decoding=\"async\" width=\"768\" height=\"1024\" src=\"https:\/\/bitacorapsicologia.com\/wp-content\/uploads\/2025\/07\/Jose-C-768x1024.jpg\" class=\"attachment-large size-large wp-image-1483\" alt=\"\" srcset=\"https:\/\/bitacorapsicologia.com\/wp-content\/uploads\/2025\/07\/Jose-C-768x1024.jpg 768w, https:\/\/bitacorapsicologia.com\/wp-content\/uploads\/2025\/07\/Jose-C-225x300.jpg 225w, https:\/\/bitacorapsicologia.com\/wp-content\/uploads\/2025\/07\/Jose-C-1152x1536.jpg 1152w, https:\/\/bitacorapsicologia.com\/wp-content\/uploads\/2025\/07\/Jose-C.jpg 1530w\" sizes=\"(max-width: 768px) 100vw, 768px\" \/>\t\t\t\t\t\t\t\t\t\t\t\t\t\t\t<\/div>\n\t\t\t\t<\/div>\n\t\t\t\t\t<\/div>\n\t\t<\/div>\n\t\t\t\t<div class=\"elementor-column elementor-col-66 elementor-top-column elementor-element elementor-element-2b50cf4\" data-id=\"2b50cf4\" data-element_type=\"column\">\n\t\t\t<div class=\"elementor-widget-wrap elementor-element-populated\">\n\t\t\t\t\t\t<div class=\"elementor-element elementor-element-de020d6 elementor-widget elementor-widget-text-editor\" data-id=\"de020d6\" data-element_type=\"widget\" data-widget_type=\"text-editor.default\">\n\t\t\t\t<div class=\"elementor-widget-container\">\n\t\t\t\t\t\t\t\t\t<div class=\"flex basis-auto flex-col -mb-(--composer-overlap-px) [--composer-overlap-px:55px] grow overflow-hidden\"><div class=\"relative h-full\"><div class=\"flex h-full flex-col overflow-y-auto [scrollbar-gutter:stable_both-edges] @[84rem]\/thread:pt-(--header-height)\"><div class=\"@thread-xl\/thread:pt-header-height flex flex-col text-sm pb-25\"><article class=\"text-token-text-primary w-full\" dir=\"auto\" data-testid=\"conversation-turn-4\" data-scroll-anchor=\"true\"><div class=\"text-base my-auto mx-auto pb-10 [--thread-content-margin:--spacing(4)] @[37rem]:[--thread-content-margin:--spacing(6)] @[72rem]:[--thread-content-margin:--spacing(16)] px-(--thread-content-margin)\"><div class=\"[--thread-content-max-width:32rem] @[34rem]:[--thread-content-max-width:40rem] @[64rem]:[--thread-content-max-width:48rem] mx-auto flex max-w-(--thread-content-max-width) flex-1 text-base gap-4 md:gap-5 lg:gap-6 group\/turn-messages focus-visible:outline-hidden\" tabindex=\"-1\"><div class=\"group\/conversation-turn relative flex w-full min-w-0 flex-col agent-turn\"><div class=\"relative flex-col gap-1 md:gap-3\"><div class=\"flex max-w-full flex-col grow\"><div class=\"min-h-8 text-message relative flex w-full flex-col items-end gap-2 text-start break-words whitespace-normal [.text-message+&amp;]:mt-5\" dir=\"auto\" data-message-author-role=\"assistant\" data-message-id=\"9e0a6944-892d-435d-8354-79c6387a3dc0\" data-message-model-slug=\"gpt-4o\"><div class=\"flex w-full flex-col gap-1 empty:hidden first:pt-[3px]\"><div class=\"markdown prose dark:prose-invert w-full break-words light\"><p data-start=\"114\" data-end=\"538\"><strong>\u00a1Hola, a todxs, me presento!<\/strong><\/p><p data-start=\"114\" data-end=\"538\">Mi nombre es Jos\u00e9 y decid\u00ed estudiar Psicolog\u00eda porque siempre he sentido la vocaci\u00f3n de ayudar a otras personas a mejorar sus vidas. Esta inquietud surgi\u00f3 durante mi formaci\u00f3n como integrador social, etapa en la que trabaj\u00e9 con personas sin hogar. All\u00ed pude comprobar de cerca el sufrimiento que muchas personas atraviesan y comprend\u00ed la importancia de aprender a sostener ese sufrimiento de forma acompa\u00f1ada.<\/p><p data-start=\"540\" data-end=\"755\">A lo largo de mi experiencia como psic\u00f3logo, he podido ver de primera mano las fortalezas que tenemos los seres humanos para superar situaciones que, en un primer momento, pueden parecer insuperables o paralizantes.<\/p><p data-start=\"757\" data-end=\"973\">Trabajo desde el modelo cognitivo-conductual, combin\u00e1ndolo con terapias de tercera generaci\u00f3n. Tengo experiencia en el abordaje de <strong>problemas del estado de \u00e1nimo, ansiedad, adicciones y terapia de pareja,<\/strong> entre otros.<\/p><p data-start=\"975\" data-end=\"1225\">Si est\u00e1s atravesando un momento dif\u00edcil o sientes que tu vida necesita un cambio, te invito a pedir ayuda. Estar\u00e9 encantado de acompa\u00f1arte en este proceso, <strong>ofreci\u00e9ndote un espacio seguro y herramientas que te ayuden<\/strong> a gestionar lo que est\u00e1s viviendo.<\/p><\/div><\/div><\/div><\/div><\/div><\/div><\/div><\/div><\/article><\/div><\/div><\/div><\/div><div id=\"thread-bottom-container\" class=\"content-fade relative isolate z-10 w-full basis-auto has-data-has-thread-error:pt-2 has-data-has-thread-error:[box-shadow:var(--sharp-edge-bottom-shadow)] md:border-transparent md:pt-0 dark:border-white\/20 md:dark:border-transparent flex flex-col\"><div id=\"thread-bottom\"><div class=\"text-base mx-auto [--thread-content-margin:--spacing(4)] @[37rem]:[--thread-content-margin:--spacing(6)] @[72rem]:[--thread-content-margin:--spacing(16)] px-(--thread-content-margin)\"><div class=\"[--thread-content-max-width:32rem] @[34rem]:[--thread-content-max-width:40rem] @[64rem]:[--thread-content-max-width:48rem] mx-auto flex max-w-(--thread-content-max-width) flex-1 text-base gap-4 md:gap-5 lg:gap-6\"><div class=\"max-xs:[--force-hide-label:none] relative z-1 flex h-full max-w-full flex-1 flex-col\"><form class=\"w-full [view-transition-name:var(--vt-composer)]\" data-type=\"unified-composer\"><div class=\"bg-token-bg-primary shadow-short flex w-full cursor-text flex-col items-center justify-center overflow-clip bg-clip-padding contain-inline-size dark:bg-[#303030] rounded-[28px]\"><div class=\"relative flex min-h-14 w-full items-end\"><div class=\"relative flex w-full flex-auto flex-col\"><div>\u00a0<\/div><\/div><\/div><\/div><\/form><\/div><\/div><\/div><\/div><\/div>\t\t\t\t\t\t\t\t<\/div>\n\t\t\t\t<\/div>\n\t\t\t\t\t<\/div>\n\t\t<\/div>\n\t\t\t\t\t<\/div>\n\t\t<\/section>\n\t\t\t\t<section class=\"elementor-section elementor-top-section elementor-element elementor-element-3f754dc elementor-section-boxed elementor-section-height-default elementor-section-height-default\" data-id=\"3f754dc\" data-element_type=\"section\">\n\t\t\t\t\t\t<div class=\"elementor-container elementor-column-gap-default\">\n\t\t\t\t\t<div class=\"elementor-column elementor-col-100 elementor-top-column elementor-element elementor-element-27665d8\" data-id=\"27665d8\" data-element_type=\"column\">\n\t\t\t<div class=\"elementor-widget-wrap elementor-element-populated\">\n\t\t\t\t\t\t<div class=\"elementor-element elementor-element-3d21e3a elementor-align-center elementor-widget elementor-widget-button\" data-id=\"3d21e3a\" data-element_type=\"widget\" data-widget_type=\"button.default\">\n\t\t\t\t<div class=\"elementor-widget-container\">\n\t\t\t\t\t\t\t\t\t<div class=\"elementor-button-wrapper\">\n\t\t\t\t\t<a class=\"elementor-button elementor-button-link elementor-size-sm\" href=\"https:\/\/www.instagram.com\/psicologojosecuenca\/\">\n\t\t\t\t\t\t<span class=\"elementor-button-content-wrapper\">\n\t\t\t\t\t\t\t\t\t<span class=\"elementor-button-text\">Un poquito m\u00e1s sobre m\u00ed<\/span>\n\t\t\t\t\t<\/span>\n\t\t\t\t\t<\/a>\n\t\t\t\t<\/div>\n\t\t\t\t\t\t\t\t<\/div>\n\t\t\t\t<\/div>\n\t\t\t\t\t<\/div>\n\t\t<\/div>\n\t\t\t\t\t<\/div>\n\t\t<\/section>\n\t\t\t\t<\/div>\n\t\t","protected":false},"excerpt":{"rendered":"<p>Jos\u00e9 Cuenca Let\u00f3n Psic\u00f3logo Sanitario M-37800 \u00a1Hola, a todxs, me presento! Mi nombre es Jos\u00e9 y decid\u00ed estudiar Psicolog\u00eda porque siempre he sentido la vocaci\u00f3n de ayudar a otras personas a mejorar sus vidas. Esta inquietud surgi\u00f3 durante mi formaci\u00f3n como integrador social, etapa en la que trabaj\u00e9 con personas sin hogar. All\u00ed pude comprobar &hellip;<\/p>\n<p class=\"read-more\"> <a class=\"\" href=\"https:\/\/bitacorapsicologia.com\/index.php\/jose-cuenca-leton\/\"> <span class=\"screen-reader-text\">Jos\u00e9 Cuenca Let\u00f3n<\/span> Leer m\u00e1s &raquo;<\/a><\/p>\n","protected":false},"author":1,"featured_media":0,"parent":0,"menu_order":0,"comment_status":"closed","ping_status":"closed","template":"","meta":{"site-sidebar-layout":"no-sidebar","site-content-layout":"page-builder","ast-global-header-display":"","ast-banner-title-visibility":"","ast-main-header-display":"","ast-hfb-above-header-display":"","ast-hfb-below-header-display":"","ast-hfb-mobile-header-display":"","site-post-title":"disabled","ast-breadcrumbs-content":"","ast-featured-img":"disabled","footer-sml-layout":"","theme-transparent-header-meta":"","adv-header-id-meta":"","stick-header-meta":"","header-above-stick-meta":"","header-main-stick-meta":"","header-below-stick-meta":"","_joinchat":[],"footnotes":""},"class_list":["post-1715","page","type-page","status-publish","hentry"],"yoast_head":"<!-- This site is optimized with the Yoast SEO plugin v24.3 - https:\/\/yoast.com\/wordpress\/plugins\/seo\/ -->\n<title>Jos\u00e9 Cuenca Let\u00f3n - Bit&aacute;cora Psicolog&iacute;a y Bienestar<\/title>\n<meta name=\"robots\" content=\"index, follow, max-snippet:-1, max-image-preview:large, max-video-preview:-1\" \/>\n<link rel=\"canonical\" href=\"https:\/\/bitacorapsicologia.com\/index.php\/jose-cuenca-leton\/\" \/>\n<meta property=\"og:locale\" content=\"es_ES\" \/>\n<meta property=\"og:type\" content=\"article\" \/>\n<meta property=\"og:title\" content=\"Jos\u00e9 Cuenca Let\u00f3n - Bit&aacute;cora Psicolog&iacute;a y Bienestar\" \/>\n<meta property=\"og:description\" content=\"Jos\u00e9 Cuenca Let\u00f3n Psic\u00f3logo Sanitario M-37800 \u00a1Hola, a todxs, me presento! Mi nombre es Jos\u00e9 y decid\u00ed estudiar Psicolog\u00eda porque siempre he sentido la vocaci\u00f3n de ayudar a otras personas a mejorar sus vidas. Esta inquietud surgi\u00f3 durante mi formaci\u00f3n como integrador social, etapa en la que trabaj\u00e9 con personas sin hogar. All\u00ed pude comprobar &hellip; Jos\u00e9 Cuenca Let\u00f3n Leer m\u00e1s &raquo;\" \/>\n<meta property=\"og:url\" content=\"https:\/\/bitacorapsicologia.com\/index.php\/jose-cuenca-leton\/\" \/>\n<meta property=\"og:site_name\" content=\"Bit&aacute;cora Psicolog&iacute;a y Bienestar\" \/>\n<meta property=\"article:publisher\" content=\"https:\/\/www.facebook.com\/sandrayrociopsicologas\/\" \/>\n<meta property=\"article:modified_time\" content=\"2026-03-04T10:11:12+00:00\" \/>\n<meta property=\"og:image\" content=\"https:\/\/bitacorapsicologia.com\/wp-content\/uploads\/2025\/07\/Jose-C.jpg\" \/>\n\t<meta property=\"og:image:width\" content=\"1530\" \/>\n\t<meta property=\"og:image:height\" content=\"2040\" \/>\n\t<meta property=\"og:image:type\" content=\"image\/jpeg\" \/>\n<meta name=\"twitter:card\" content=\"summary_large_image\" \/>\n<meta name=\"twitter:label1\" content=\"Tiempo de lectura\" \/>\n\t<meta name=\"twitter:data1\" content=\"2 minutos\" \/>\n<script type=\"application\/ld+json\" class=\"yoast-schema-graph\">{\"@context\":\"https:\/\/schema.org\",\"@graph\":[{\"@type\":\"WebPage\",\"@id\":\"https:\/\/bitacorapsicologia.com\/index.php\/jose-cuenca-leton\/\",\"url\":\"https:\/\/bitacorapsicologia.com\/index.php\/jose-cuenca-leton\/\",\"name\":\"Jos\u00e9 Cuenca Let\u00f3n - Bit&aacute;cora Psicolog&iacute;a y Bienestar\",\"isPartOf\":{\"@id\":\"https:\/\/bitacorapsicologia.com\/#website\"},\"primaryImageOfPage\":{\"@id\":\"https:\/\/bitacorapsicologia.com\/index.php\/jose-cuenca-leton\/#primaryimage\"},\"image\":{\"@id\":\"https:\/\/bitacorapsicologia.com\/index.php\/jose-cuenca-leton\/#primaryimage\"},\"thumbnailUrl\":\"https:\/\/bitacorapsicologia.com\/wp-content\/uploads\/2025\/07\/Jose-C-768x1024.jpg\",\"datePublished\":\"2025-07-23T12:40:15+00:00\",\"dateModified\":\"2026-03-04T10:11:12+00:00\",\"breadcrumb\":{\"@id\":\"https:\/\/bitacorapsicologia.com\/index.php\/jose-cuenca-leton\/#breadcrumb\"},\"inLanguage\":\"es\",\"potentialAction\":[{\"@type\":\"ReadAction\",\"target\":[\"https:\/\/bitacorapsicologia.com\/index.php\/jose-cuenca-leton\/\"]}]},{\"@type\":\"ImageObject\",\"inLanguage\":\"es\",\"@id\":\"https:\/\/bitacorapsicologia.com\/index.php\/jose-cuenca-leton\/#primaryimage\",\"url\":\"https:\/\/bitacorapsicologia.com\/wp-content\/uploads\/2025\/07\/Jose-C.jpg\",\"contentUrl\":\"https:\/\/bitacorapsicologia.com\/wp-content\/uploads\/2025\/07\/Jose-C.jpg\",\"width\":1530,\"height\":2040},{\"@type\":\"BreadcrumbList\",\"@id\":\"https:\/\/bitacorapsicologia.com\/index.php\/jose-cuenca-leton\/#breadcrumb\",\"itemListElement\":[{\"@type\":\"ListItem\",\"position\":1,\"name\":\"Portada\",\"item\":\"https:\/\/bitacorapsicologia.com\/\"},{\"@type\":\"ListItem\",\"position\":2,\"name\":\"Jos\u00e9 Cuenca Let\u00f3n\"}]},{\"@type\":\"WebSite\",\"@id\":\"https:\/\/bitacorapsicologia.com\/#website\",\"url\":\"https:\/\/bitacorapsicologia.com\/\",\"name\":\"Bit\u00e1cora Psicolog\u00eda y Bienestar\",\"description\":\"Bit&aacute;cora Psicolog&iacute;a y Bienestar\",\"publisher\":{\"@id\":\"https:\/\/bitacorapsicologia.com\/#organization\"},\"potentialAction\":[{\"@type\":\"SearchAction\",\"target\":{\"@type\":\"EntryPoint\",\"urlTemplate\":\"https:\/\/bitacorapsicologia.com\/?s={search_term_string}\"},\"query-input\":{\"@type\":\"PropertyValueSpecification\",\"valueRequired\":true,\"valueName\":\"search_term_string\"}}],\"inLanguage\":\"es\"},{\"@type\":\"Organization\",\"@id\":\"https:\/\/bitacorapsicologia.com\/#organization\",\"name\":\"Bit\u00e1cora Psicolog\u00eda y Bienestar\",\"url\":\"https:\/\/bitacorapsicologia.com\/\",\"logo\":{\"@type\":\"ImageObject\",\"inLanguage\":\"es\",\"@id\":\"https:\/\/bitacorapsicologia.com\/#\/schema\/logo\/image\/\",\"url\":\"https:\/\/bitacorapsicologia.com\/wp-content\/uploads\/2022\/02\/Bitacora-v_horiz.png\",\"contentUrl\":\"https:\/\/bitacorapsicologia.com\/wp-content\/uploads\/2022\/02\/Bitacora-v_horiz.png\",\"width\":1182,\"height\":591,\"caption\":\"Bit\u00e1cora Psicolog\u00eda y Bienestar\"},\"image\":{\"@id\":\"https:\/\/bitacorapsicologia.com\/#\/schema\/logo\/image\/\"},\"sameAs\":[\"https:\/\/www.facebook.com\/sandrayrociopsicologas\/\",\"https:\/\/www.instagram.com\/bitacora_psicologia\/\"]}]}<\/script>\n<!-- \/ Yoast SEO plugin. -->","yoast_head_json":{"title":"Jos\u00e9 Cuenca Let\u00f3n - Bit&aacute;cora Psicolog&iacute;a y Bienestar","robots":{"index":"index","follow":"follow","max-snippet":"max-snippet:-1","max-image-preview":"max-image-preview:large","max-video-preview":"max-video-preview:-1"},"canonical":"https:\/\/bitacorapsicologia.com\/index.php\/jose-cuenca-leton\/","og_locale":"es_ES","og_type":"article","og_title":"Jos\u00e9 Cuenca Let\u00f3n - Bit&aacute;cora Psicolog&iacute;a y Bienestar","og_description":"Jos\u00e9 Cuenca Let\u00f3n Psic\u00f3logo Sanitario M-37800 \u00a1Hola, a todxs, me presento! Mi nombre es Jos\u00e9 y decid\u00ed estudiar Psicolog\u00eda porque siempre he sentido la vocaci\u00f3n de ayudar a otras personas a mejorar sus vidas. Esta inquietud surgi\u00f3 durante mi formaci\u00f3n como integrador social, etapa en la que trabaj\u00e9 con personas sin hogar. All\u00ed pude comprobar &hellip; Jos\u00e9 Cuenca Let\u00f3n Leer m\u00e1s &raquo;","og_url":"https:\/\/bitacorapsicologia.com\/index.php\/jose-cuenca-leton\/","og_site_name":"Bit&aacute;cora Psicolog&iacute;a y Bienestar","article_publisher":"https:\/\/www.facebook.com\/sandrayrociopsicologas\/","article_modified_time":"2026-03-04T10:11:12+00:00","og_image":[{"width":1530,"height":2040,"url":"https:\/\/bitacorapsicologia.com\/wp-content\/uploads\/2025\/07\/Jose-C.jpg","type":"image\/jpeg"}],"twitter_card":"summary_large_image","twitter_misc":{"Tiempo de lectura":"2 minutos"},"schema":{"@context":"https:\/\/schema.org","@graph":[{"@type":"WebPage","@id":"https:\/\/bitacorapsicologia.com\/index.php\/jose-cuenca-leton\/","url":"https:\/\/bitacorapsicologia.com\/index.php\/jose-cuenca-leton\/","name":"Jos\u00e9 Cuenca Let\u00f3n - Bit&aacute;cora Psicolog&iacute;a y Bienestar","isPartOf":{"@id":"https:\/\/bitacorapsicologia.com\/#website"},"primaryImageOfPage":{"@id":"https:\/\/bitacorapsicologia.com\/index.php\/jose-cuenca-leton\/#primaryimage"},"image":{"@id":"https:\/\/bitacorapsicologia.com\/index.php\/jose-cuenca-leton\/#primaryimage"},"thumbnailUrl":"https:\/\/bitacorapsicologia.com\/wp-content\/uploads\/2025\/07\/Jose-C-768x1024.jpg","datePublished":"2025-07-23T12:40:15+00:00","dateModified":"2026-03-04T10:11:12+00:00","breadcrumb":{"@id":"https:\/\/bitacorapsicologia.com\/index.php\/jose-cuenca-leton\/#breadcrumb"},"inLanguage":"es","potentialAction":[{"@type":"ReadAction","target":["https:\/\/bitacorapsicologia.com\/index.php\/jose-cuenca-leton\/"]}]},{"@type":"ImageObject","inLanguage":"es","@id":"https:\/\/bitacorapsicologia.com\/index.php\/jose-cuenca-leton\/#primaryimage","url":"https:\/\/bitacorapsicologia.com\/wp-content\/uploads\/2025\/07\/Jose-C.jpg","contentUrl":"https:\/\/bitacorapsicologia.com\/wp-content\/uploads\/2025\/07\/Jose-C.jpg","width":1530,"height":2040},{"@type":"BreadcrumbList","@id":"https:\/\/bitacorapsicologia.com\/index.php\/jose-cuenca-leton\/#breadcrumb","itemListElement":[{"@type":"ListItem","position":1,"name":"Portada","item":"https:\/\/bitacorapsicologia.com\/"},{"@type":"ListItem","position":2,"name":"Jos\u00e9 Cuenca Let\u00f3n"}]},{"@type":"WebSite","@id":"https:\/\/bitacorapsicologia.com\/#website","url":"https:\/\/bitacorapsicologia.com\/","name":"Bit\u00e1cora Psicolog\u00eda y Bienestar","description":"Bit&aacute;cora Psicolog&iacute;a y Bienestar","publisher":{"@id":"https:\/\/bitacorapsicologia.com\/#organization"},"potentialAction":[{"@type":"SearchAction","target":{"@type":"EntryPoint","urlTemplate":"https:\/\/bitacorapsicologia.com\/?s={search_term_string}"},"query-input":{"@type":"PropertyValueSpecification","valueRequired":true,"valueName":"search_term_string"}}],"inLanguage":"es"},{"@type":"Organization","@id":"https:\/\/bitacorapsicologia.com\/#organization","name":"Bit\u00e1cora Psicolog\u00eda y Bienestar","url":"https:\/\/bitacorapsicologia.com\/","logo":{"@type":"ImageObject","inLanguage":"es","@id":"https:\/\/bitacorapsicologia.com\/#\/schema\/logo\/image\/","url":"https:\/\/bitacorapsicologia.com\/wp-content\/uploads\/2022\/02\/Bitacora-v_horiz.png","contentUrl":"https:\/\/bitacorapsicologia.com\/wp-content\/uploads\/2022\/02\/Bitacora-v_horiz.png","width":1182,"height":591,"caption":"Bit\u00e1cora Psicolog\u00eda y Bienestar"},"image":{"@id":"https:\/\/bitacorapsicologia.com\/#\/schema\/logo\/image\/"},"sameAs":["https:\/\/www.facebook.com\/sandrayrociopsicologas\/","https:\/\/www.instagram.com\/bitacora_psicologia\/"]}]}},"_links":{"self":[{"href":"https:\/\/bitacorapsicologia.com\/index.php\/wp-json\/wp\/v2\/pages\/1715","targetHints":{"allow":["GET"]}}],"collection":[{"href":"https:\/\/bitacorapsicologia.com\/index.php\/wp-json\/wp\/v2\/pages"}],"about":[{"href":"https:\/\/bitacorapsicologia.com\/index.php\/wp-json\/wp\/v2\/types\/page"}],"author":[{"embeddable":true,"href":"https:\/\/bitacorapsicologia.com\/index.php\/wp-json\/wp\/v2\/users\/1"}],"replies":[{"embeddable":true,"href":"https:\/\/bitacorapsicologia.com\/index.php\/wp-json\/wp\/v2\/comments?post=1715"}],"version-history":[{"count":13,"href":"https:\/\/bitacorapsicologia.com\/index.php\/wp-json\/wp\/v2\/pages\/1715\/revisions"}],"predecessor-version":[{"id":2241,"href":"https:\/\/bitacorapsicologia.com\/index.php\/wp-json\/wp\/v2\/pages\/1715\/revisions\/2241"}],"wp:attachment":[{"href":"https:\/\/bitacorapsicologia.com\/index.php\/wp-json\/wp\/v2\/media?parent=1715"}],"curies":[{"name":"wp","href":"https:\/\/api.w.org\/{rel}","templated":true}]}}