{"id":1703,"date":"2025-07-23T12:29:47","date_gmt":"2025-07-23T12:29:47","guid":{"rendered":"https:\/\/bitacorapsicologia.com\/?page_id=1703"},"modified":"2026-03-04T10:16:55","modified_gmt":"2026-03-04T10:16:55","slug":"andrea-corral-aguado","status":"publish","type":"page","link":"https:\/\/bitacorapsicologia.com\/index.php\/andrea-corral-aguado\/","title":{"rendered":"Andrea Corral"},"content":{"rendered":"\t\t<div data-elementor-type=\"wp-page\" data-elementor-id=\"1703\" class=\"elementor elementor-1703\" data-elementor-post-type=\"page\">\n\t\t\t\t\t\t<section class=\"elementor-section elementor-top-section elementor-element elementor-element-5f6778a elementor-section-boxed elementor-section-height-default elementor-section-height-default\" data-id=\"5f6778a\" data-element_type=\"section\">\n\t\t\t\t\t\t<div class=\"elementor-container elementor-column-gap-default\">\n\t\t\t\t\t<div class=\"elementor-column elementor-col-100 elementor-top-column elementor-element elementor-element-b294d31\" data-id=\"b294d31\" data-element_type=\"column\">\n\t\t\t<div class=\"elementor-widget-wrap elementor-element-populated\">\n\t\t\t\t\t\t<div class=\"elementor-element elementor-element-f361330 elementor-widget elementor-widget-heading\" data-id=\"f361330\" data-element_type=\"widget\" data-widget_type=\"heading.default\">\n\t\t\t\t<div class=\"elementor-widget-container\">\n\t\t\t\t\t<h2 class=\"elementor-heading-title elementor-size-default\">Andrea Corral Aguado<\/h2>\t\t\t\t<\/div>\n\t\t\t\t<\/div>\n\t\t\t\t\t<\/div>\n\t\t<\/div>\n\t\t\t\t\t<\/div>\n\t\t<\/section>\n\t\t\t\t<section class=\"elementor-section elementor-top-section elementor-element elementor-element-819c4c1 elementor-section-boxed elementor-section-height-default elementor-section-height-default\" data-id=\"819c4c1\" data-element_type=\"section\">\n\t\t\t\t\t\t<div class=\"elementor-container elementor-column-gap-default\">\n\t\t\t\t\t<div class=\"elementor-column elementor-col-100 elementor-top-column elementor-element elementor-element-2b3e40d\" data-id=\"2b3e40d\" data-element_type=\"column\">\n\t\t\t<div class=\"elementor-widget-wrap elementor-element-populated\">\n\t\t\t\t\t\t<div class=\"elementor-element elementor-element-22e15b1 elementor-widget elementor-widget-heading\" data-id=\"22e15b1\" data-element_type=\"widget\" data-widget_type=\"heading.default\">\n\t\t\t\t<div class=\"elementor-widget-container\">\n\t\t\t\t\t<h2 class=\"elementor-heading-title elementor-size-default\">Psic\u00f3loga Sanitaria M-42712<\/h2>\t\t\t\t<\/div>\n\t\t\t\t<\/div>\n\t\t\t\t\t<\/div>\n\t\t<\/div>\n\t\t\t\t\t<\/div>\n\t\t<\/section>\n\t\t\t\t<section class=\"elementor-section elementor-top-section elementor-element elementor-element-aa04731 elementor-section-boxed elementor-section-height-default elementor-section-height-default\" data-id=\"aa04731\" data-element_type=\"section\">\n\t\t\t\t\t\t<div class=\"elementor-container elementor-column-gap-default\">\n\t\t\t\t\t<div class=\"elementor-column elementor-col-66 elementor-top-column elementor-element elementor-element-7b47318\" data-id=\"7b47318\" data-element_type=\"column\">\n\t\t\t<div class=\"elementor-widget-wrap elementor-element-populated\">\n\t\t\t\t\t\t<div class=\"elementor-element elementor-element-8314d44 elementor-widget elementor-widget-text-editor\" data-id=\"8314d44\" data-element_type=\"widget\" data-widget_type=\"text-editor.default\">\n\t\t\t\t<div class=\"elementor-widget-container\">\n\t\t\t\t\t\t\t\t\t<p><strong>\u00a1Encantada de que est\u00e9s aqu\u00ed!<\/strong><\/p><p>Soy Andrea, psic\u00f3loga sanitaria y trabajo desde un enfoque biopsicosocial e integrador. Acompa\u00f1o a personas que atraviesan momentos dif\u00edciles de malestar emocional, que sienten que se han desconectado de s\u00ed mismas o que buscan comprenderse y<br \/>cuidarse de una manera m\u00e1s profunda. Mi trabajo se basa en <strong>crear un espacio seguro donde<\/strong><br \/><strong>poder explorar lo que duele, validar la experiencia propia y comenzar un proceso de<\/strong><br \/><strong>transformaci\u00f3n<\/strong> con respeto y sensibilidad.<\/p><p>Mi labor como psic\u00f3loga sanitaria con adultos y adolescentes se centra en ayudarles con sus<br \/>procesos de regulaci\u00f3n emocional, sus v\u00ednculos familiares y\/o personales y el acompa\u00f1amiento en procesos de duelo, aceptaci\u00f3n y autoestima.<\/p><p>Creo en una psicolog\u00eda que no busca cambiar lo que sentimos, sino que nos ayuda a comprendernos, <strong>aceptarnos sin juicios y nos reconecta con <\/strong><strong>nosotrxs mismxs<\/strong> para poder vivir con mayor libertad, coherencia y autenticidad.<\/p>\t\t\t\t\t\t\t\t<\/div>\n\t\t\t\t<\/div>\n\t\t\t\t\t<\/div>\n\t\t<\/div>\n\t\t\t\t<div class=\"elementor-column elementor-col-33 elementor-top-column elementor-element elementor-element-41bb24e\" data-id=\"41bb24e\" data-element_type=\"column\">\n\t\t\t<div class=\"elementor-widget-wrap elementor-element-populated\">\n\t\t\t\t\t\t<div class=\"elementor-element elementor-element-75ee256 elementor-widget elementor-widget-image\" data-id=\"75ee256\" data-element_type=\"widget\" data-widget_type=\"image.default\">\n\t\t\t\t<div class=\"elementor-widget-container\">\n\t\t\t\t\t\t\t\t\t\t\t\t\t\t\t<img fetchpriority=\"high\" decoding=\"async\" width=\"768\" height=\"1024\" src=\"https:\/\/bitacorapsicologia.com\/wp-content\/uploads\/2025\/05\/IMG_0791-768x1024.jpeg\" class=\"attachment-large size-large wp-image-1437\" alt=\"\" srcset=\"https:\/\/bitacorapsicologia.com\/wp-content\/uploads\/2025\/05\/IMG_0791-768x1024.jpeg 768w, https:\/\/bitacorapsicologia.com\/wp-content\/uploads\/2025\/05\/IMG_0791-225x300.jpeg 225w, https:\/\/bitacorapsicologia.com\/wp-content\/uploads\/2025\/05\/IMG_0791-1152x1536.jpeg 1152w, https:\/\/bitacorapsicologia.com\/wp-content\/uploads\/2025\/05\/IMG_0791-1536x2048.jpeg 1536w, https:\/\/bitacorapsicologia.com\/wp-content\/uploads\/2025\/05\/IMG_0791-scaled.jpeg 1920w\" sizes=\"(max-width: 768px) 100vw, 768px\" \/>\t\t\t\t\t\t\t\t\t\t\t\t\t\t\t<\/div>\n\t\t\t\t<\/div>\n\t\t\t\t\t<\/div>\n\t\t<\/div>\n\t\t\t\t\t<\/div>\n\t\t<\/section>\n\t\t\t\t<section class=\"elementor-section elementor-top-section elementor-element elementor-element-3f754dc elementor-section-boxed elementor-section-height-default elementor-section-height-default\" data-id=\"3f754dc\" data-element_type=\"section\">\n\t\t\t\t\t\t<div class=\"elementor-container elementor-column-gap-default\">\n\t\t\t\t\t<div class=\"elementor-column elementor-col-100 elementor-top-column elementor-element elementor-element-27665d8\" data-id=\"27665d8\" data-element_type=\"column\">\n\t\t\t<div class=\"elementor-widget-wrap elementor-element-populated\">\n\t\t\t\t\t\t<div class=\"elementor-element elementor-element-3d21e3a elementor-align-center elementor-widget elementor-widget-button\" data-id=\"3d21e3a\" data-element_type=\"widget\" data-widget_type=\"button.default\">\n\t\t\t\t<div class=\"elementor-widget-container\">\n\t\t\t\t\t\t\t\t\t<div class=\"elementor-button-wrapper\">\n\t\t\t\t\t<a class=\"elementor-button elementor-button-link elementor-size-sm\" href=\"https:\/\/www.instagram.com\/andreapsicologia\/\">\n\t\t\t\t\t\t<span class=\"elementor-button-content-wrapper\">\n\t\t\t\t\t\t\t\t\t<span class=\"elementor-button-text\">Un poquito m\u00e1s sobre m\u00ed<\/span>\n\t\t\t\t\t<\/span>\n\t\t\t\t\t<\/a>\n\t\t\t\t<\/div>\n\t\t\t\t\t\t\t\t<\/div>\n\t\t\t\t<\/div>\n\t\t\t\t\t<\/div>\n\t\t<\/div>\n\t\t\t\t\t<\/div>\n\t\t<\/section>\n\t\t\t\t<\/div>\n\t\t","protected":false},"excerpt":{"rendered":"<p>Andrea Corral Aguado Psic\u00f3loga Sanitaria M-42712 \u00a1Encantada de que est\u00e9s aqu\u00ed! Soy Andrea, psic\u00f3loga sanitaria y trabajo desde un enfoque biopsicosocial e integrador. Acompa\u00f1o a personas que atraviesan momentos dif\u00edciles de malestar emocional, que sienten que se han desconectado de s\u00ed mismas o que buscan comprenderse ycuidarse de una manera m\u00e1s profunda. Mi trabajo se &hellip;<\/p>\n<p class=\"read-more\"> <a class=\"\" href=\"https:\/\/bitacorapsicologia.com\/index.php\/andrea-corral-aguado\/\"> <span class=\"screen-reader-text\">Andrea Corral<\/span> Leer m\u00e1s &raquo;<\/a><\/p>\n","protected":false},"author":1,"featured_media":0,"parent":0,"menu_order":0,"comment_status":"closed","ping_status":"closed","template":"","meta":{"site-sidebar-layout":"no-sidebar","site-content-layout":"page-builder","ast-global-header-display":"","ast-banner-title-visibility":"","ast-main-header-display":"","ast-hfb-above-header-display":"","ast-hfb-below-header-display":"","ast-hfb-mobile-header-display":"","site-post-title":"disabled","ast-breadcrumbs-content":"","ast-featured-img":"disabled","footer-sml-layout":"","theme-transparent-header-meta":"","adv-header-id-meta":"","stick-header-meta":"","header-above-stick-meta":"","header-main-stick-meta":"","header-below-stick-meta":"","_joinchat":[],"footnotes":""},"class_list":["post-1703","page","type-page","status-publish","hentry"],"yoast_head":"<!-- This site is optimized with the Yoast SEO plugin v24.3 - https:\/\/yoast.com\/wordpress\/plugins\/seo\/ -->\n<title>Andrea Corral - Bit&aacute;cora Psicolog&iacute;a y Bienestar<\/title>\n<meta name=\"robots\" content=\"index, follow, max-snippet:-1, max-image-preview:large, max-video-preview:-1\" \/>\n<link rel=\"canonical\" href=\"https:\/\/bitacorapsicologia.com\/index.php\/andrea-corral-aguado\/\" \/>\n<meta property=\"og:locale\" content=\"es_ES\" \/>\n<meta property=\"og:type\" content=\"article\" \/>\n<meta property=\"og:title\" content=\"Andrea Corral - Bit&aacute;cora Psicolog&iacute;a y Bienestar\" \/>\n<meta property=\"og:description\" content=\"Andrea Corral Aguado Psic\u00f3loga Sanitaria M-42712 \u00a1Encantada de que est\u00e9s aqu\u00ed! Soy Andrea, psic\u00f3loga sanitaria y trabajo desde un enfoque biopsicosocial e integrador. Acompa\u00f1o a personas que atraviesan momentos dif\u00edciles de malestar emocional, que sienten que se han desconectado de s\u00ed mismas o que buscan comprenderse ycuidarse de una manera m\u00e1s profunda. Mi trabajo se &hellip; Andrea Corral Leer m\u00e1s &raquo;\" \/>\n<meta property=\"og:url\" content=\"https:\/\/bitacorapsicologia.com\/index.php\/andrea-corral-aguado\/\" \/>\n<meta property=\"og:site_name\" content=\"Bit&aacute;cora Psicolog&iacute;a y Bienestar\" \/>\n<meta property=\"article:publisher\" content=\"https:\/\/www.facebook.com\/sandrayrociopsicologas\/\" \/>\n<meta property=\"article:modified_time\" content=\"2026-03-04T10:16:55+00:00\" \/>\n<meta property=\"og:image\" content=\"https:\/\/bitacorapsicologia.com\/wp-content\/uploads\/2025\/05\/IMG_0791-scaled.jpeg\" \/>\n\t<meta property=\"og:image:width\" content=\"1920\" \/>\n\t<meta property=\"og:image:height\" content=\"2560\" \/>\n\t<meta property=\"og:image:type\" content=\"image\/jpeg\" \/>\n<meta name=\"twitter:card\" content=\"summary_large_image\" \/>\n<meta name=\"twitter:label1\" content=\"Tiempo de lectura\" \/>\n\t<meta name=\"twitter:data1\" content=\"1 minuto\" \/>\n<script type=\"application\/ld+json\" class=\"yoast-schema-graph\">{\"@context\":\"https:\/\/schema.org\",\"@graph\":[{\"@type\":\"WebPage\",\"@id\":\"https:\/\/bitacorapsicologia.com\/index.php\/andrea-corral-aguado\/\",\"url\":\"https:\/\/bitacorapsicologia.com\/index.php\/andrea-corral-aguado\/\",\"name\":\"Andrea Corral - Bit&aacute;cora Psicolog&iacute;a y Bienestar\",\"isPartOf\":{\"@id\":\"https:\/\/bitacorapsicologia.com\/#website\"},\"primaryImageOfPage\":{\"@id\":\"https:\/\/bitacorapsicologia.com\/index.php\/andrea-corral-aguado\/#primaryimage\"},\"image\":{\"@id\":\"https:\/\/bitacorapsicologia.com\/index.php\/andrea-corral-aguado\/#primaryimage\"},\"thumbnailUrl\":\"https:\/\/bitacorapsicologia.com\/wp-content\/uploads\/2025\/05\/IMG_0791-768x1024.jpeg\",\"datePublished\":\"2025-07-23T12:29:47+00:00\",\"dateModified\":\"2026-03-04T10:16:55+00:00\",\"breadcrumb\":{\"@id\":\"https:\/\/bitacorapsicologia.com\/index.php\/andrea-corral-aguado\/#breadcrumb\"},\"inLanguage\":\"es\",\"potentialAction\":[{\"@type\":\"ReadAction\",\"target\":[\"https:\/\/bitacorapsicologia.com\/index.php\/andrea-corral-aguado\/\"]}]},{\"@type\":\"ImageObject\",\"inLanguage\":\"es\",\"@id\":\"https:\/\/bitacorapsicologia.com\/index.php\/andrea-corral-aguado\/#primaryimage\",\"url\":\"https:\/\/bitacorapsicologia.com\/wp-content\/uploads\/2025\/05\/IMG_0791-scaled.jpeg\",\"contentUrl\":\"https:\/\/bitacorapsicologia.com\/wp-content\/uploads\/2025\/05\/IMG_0791-scaled.jpeg\",\"width\":1920,\"height\":2560},{\"@type\":\"BreadcrumbList\",\"@id\":\"https:\/\/bitacorapsicologia.com\/index.php\/andrea-corral-aguado\/#breadcrumb\",\"itemListElement\":[{\"@type\":\"ListItem\",\"position\":1,\"name\":\"Portada\",\"item\":\"https:\/\/bitacorapsicologia.com\/\"},{\"@type\":\"ListItem\",\"position\":2,\"name\":\"Andrea Corral\"}]},{\"@type\":\"WebSite\",\"@id\":\"https:\/\/bitacorapsicologia.com\/#website\",\"url\":\"https:\/\/bitacorapsicologia.com\/\",\"name\":\"Bit\u00e1cora Psicolog\u00eda y Bienestar\",\"description\":\"Bit&aacute;cora Psicolog&iacute;a y Bienestar\",\"publisher\":{\"@id\":\"https:\/\/bitacorapsicologia.com\/#organization\"},\"potentialAction\":[{\"@type\":\"SearchAction\",\"target\":{\"@type\":\"EntryPoint\",\"urlTemplate\":\"https:\/\/bitacorapsicologia.com\/?s={search_term_string}\"},\"query-input\":{\"@type\":\"PropertyValueSpecification\",\"valueRequired\":true,\"valueName\":\"search_term_string\"}}],\"inLanguage\":\"es\"},{\"@type\":\"Organization\",\"@id\":\"https:\/\/bitacorapsicologia.com\/#organization\",\"name\":\"Bit\u00e1cora Psicolog\u00eda y Bienestar\",\"url\":\"https:\/\/bitacorapsicologia.com\/\",\"logo\":{\"@type\":\"ImageObject\",\"inLanguage\":\"es\",\"@id\":\"https:\/\/bitacorapsicologia.com\/#\/schema\/logo\/image\/\",\"url\":\"https:\/\/bitacorapsicologia.com\/wp-content\/uploads\/2022\/02\/Bitacora-v_horiz.png\",\"contentUrl\":\"https:\/\/bitacorapsicologia.com\/wp-content\/uploads\/2022\/02\/Bitacora-v_horiz.png\",\"width\":1182,\"height\":591,\"caption\":\"Bit\u00e1cora Psicolog\u00eda y Bienestar\"},\"image\":{\"@id\":\"https:\/\/bitacorapsicologia.com\/#\/schema\/logo\/image\/\"},\"sameAs\":[\"https:\/\/www.facebook.com\/sandrayrociopsicologas\/\",\"https:\/\/www.instagram.com\/bitacora_psicologia\/\"]}]}<\/script>\n<!-- \/ Yoast SEO plugin. -->","yoast_head_json":{"title":"Andrea Corral - Bit&aacute;cora Psicolog&iacute;a y Bienestar","robots":{"index":"index","follow":"follow","max-snippet":"max-snippet:-1","max-image-preview":"max-image-preview:large","max-video-preview":"max-video-preview:-1"},"canonical":"https:\/\/bitacorapsicologia.com\/index.php\/andrea-corral-aguado\/","og_locale":"es_ES","og_type":"article","og_title":"Andrea Corral - Bit&aacute;cora Psicolog&iacute;a y Bienestar","og_description":"Andrea Corral Aguado Psic\u00f3loga Sanitaria M-42712 \u00a1Encantada de que est\u00e9s aqu\u00ed! Soy Andrea, psic\u00f3loga sanitaria y trabajo desde un enfoque biopsicosocial e integrador. Acompa\u00f1o a personas que atraviesan momentos dif\u00edciles de malestar emocional, que sienten que se han desconectado de s\u00ed mismas o que buscan comprenderse ycuidarse de una manera m\u00e1s profunda. Mi trabajo se &hellip; Andrea Corral Leer m\u00e1s &raquo;","og_url":"https:\/\/bitacorapsicologia.com\/index.php\/andrea-corral-aguado\/","og_site_name":"Bit&aacute;cora Psicolog&iacute;a y Bienestar","article_publisher":"https:\/\/www.facebook.com\/sandrayrociopsicologas\/","article_modified_time":"2026-03-04T10:16:55+00:00","og_image":[{"width":1920,"height":2560,"url":"https:\/\/bitacorapsicologia.com\/wp-content\/uploads\/2025\/05\/IMG_0791-scaled.jpeg","type":"image\/jpeg"}],"twitter_card":"summary_large_image","twitter_misc":{"Tiempo de lectura":"1 minuto"},"schema":{"@context":"https:\/\/schema.org","@graph":[{"@type":"WebPage","@id":"https:\/\/bitacorapsicologia.com\/index.php\/andrea-corral-aguado\/","url":"https:\/\/bitacorapsicologia.com\/index.php\/andrea-corral-aguado\/","name":"Andrea Corral - Bit&aacute;cora Psicolog&iacute;a y Bienestar","isPartOf":{"@id":"https:\/\/bitacorapsicologia.com\/#website"},"primaryImageOfPage":{"@id":"https:\/\/bitacorapsicologia.com\/index.php\/andrea-corral-aguado\/#primaryimage"},"image":{"@id":"https:\/\/bitacorapsicologia.com\/index.php\/andrea-corral-aguado\/#primaryimage"},"thumbnailUrl":"https:\/\/bitacorapsicologia.com\/wp-content\/uploads\/2025\/05\/IMG_0791-768x1024.jpeg","datePublished":"2025-07-23T12:29:47+00:00","dateModified":"2026-03-04T10:16:55+00:00","breadcrumb":{"@id":"https:\/\/bitacorapsicologia.com\/index.php\/andrea-corral-aguado\/#breadcrumb"},"inLanguage":"es","potentialAction":[{"@type":"ReadAction","target":["https:\/\/bitacorapsicologia.com\/index.php\/andrea-corral-aguado\/"]}]},{"@type":"ImageObject","inLanguage":"es","@id":"https:\/\/bitacorapsicologia.com\/index.php\/andrea-corral-aguado\/#primaryimage","url":"https:\/\/bitacorapsicologia.com\/wp-content\/uploads\/2025\/05\/IMG_0791-scaled.jpeg","contentUrl":"https:\/\/bitacorapsicologia.com\/wp-content\/uploads\/2025\/05\/IMG_0791-scaled.jpeg","width":1920,"height":2560},{"@type":"BreadcrumbList","@id":"https:\/\/bitacorapsicologia.com\/index.php\/andrea-corral-aguado\/#breadcrumb","itemListElement":[{"@type":"ListItem","position":1,"name":"Portada","item":"https:\/\/bitacorapsicologia.com\/"},{"@type":"ListItem","position":2,"name":"Andrea Corral"}]},{"@type":"WebSite","@id":"https:\/\/bitacorapsicologia.com\/#website","url":"https:\/\/bitacorapsicologia.com\/","name":"Bit\u00e1cora Psicolog\u00eda y Bienestar","description":"Bit&aacute;cora Psicolog&iacute;a y Bienestar","publisher":{"@id":"https:\/\/bitacorapsicologia.com\/#organization"},"potentialAction":[{"@type":"SearchAction","target":{"@type":"EntryPoint","urlTemplate":"https:\/\/bitacorapsicologia.com\/?s={search_term_string}"},"query-input":{"@type":"PropertyValueSpecification","valueRequired":true,"valueName":"search_term_string"}}],"inLanguage":"es"},{"@type":"Organization","@id":"https:\/\/bitacorapsicologia.com\/#organization","name":"Bit\u00e1cora Psicolog\u00eda y Bienestar","url":"https:\/\/bitacorapsicologia.com\/","logo":{"@type":"ImageObject","inLanguage":"es","@id":"https:\/\/bitacorapsicologia.com\/#\/schema\/logo\/image\/","url":"https:\/\/bitacorapsicologia.com\/wp-content\/uploads\/2022\/02\/Bitacora-v_horiz.png","contentUrl":"https:\/\/bitacorapsicologia.com\/wp-content\/uploads\/2022\/02\/Bitacora-v_horiz.png","width":1182,"height":591,"caption":"Bit\u00e1cora Psicolog\u00eda y Bienestar"},"image":{"@id":"https:\/\/bitacorapsicologia.com\/#\/schema\/logo\/image\/"},"sameAs":["https:\/\/www.facebook.com\/sandrayrociopsicologas\/","https:\/\/www.instagram.com\/bitacora_psicologia\/"]}]}},"_links":{"self":[{"href":"https:\/\/bitacorapsicologia.com\/index.php\/wp-json\/wp\/v2\/pages\/1703","targetHints":{"allow":["GET"]}}],"collection":[{"href":"https:\/\/bitacorapsicologia.com\/index.php\/wp-json\/wp\/v2\/pages"}],"about":[{"href":"https:\/\/bitacorapsicologia.com\/index.php\/wp-json\/wp\/v2\/types\/page"}],"author":[{"embeddable":true,"href":"https:\/\/bitacorapsicologia.com\/index.php\/wp-json\/wp\/v2\/users\/1"}],"replies":[{"embeddable":true,"href":"https:\/\/bitacorapsicologia.com\/index.php\/wp-json\/wp\/v2\/comments?post=1703"}],"version-history":[{"count":13,"href":"https:\/\/bitacorapsicologia.com\/index.php\/wp-json\/wp\/v2\/pages\/1703\/revisions"}],"predecessor-version":[{"id":2248,"href":"https:\/\/bitacorapsicologia.com\/index.php\/wp-json\/wp\/v2\/pages\/1703\/revisions\/2248"}],"wp:attachment":[{"href":"https:\/\/bitacorapsicologia.com\/index.php\/wp-json\/wp\/v2\/media?parent=1703"}],"curies":[{"name":"wp","href":"https:\/\/api.w.org\/{rel}","templated":true}]}}