{"id":1641,"date":"2025-07-23T12:00:49","date_gmt":"2025-07-23T12:00:49","guid":{"rendered":"https:\/\/bitacorapsicologia.com\/?page_id=1641"},"modified":"2025-07-23T12:20:32","modified_gmt":"2025-07-23T12:20:32","slug":"teresa-sanz-mena","status":"publish","type":"page","link":"https:\/\/bitacorapsicologia.com\/index.php\/teresa-sanz-mena\/","title":{"rendered":"Teresa Sanz Mena"},"content":{"rendered":"\t\t<div data-elementor-type=\"wp-page\" data-elementor-id=\"1641\" class=\"elementor elementor-1641\" data-elementor-post-type=\"page\">\n\t\t\t\t\t\t<section class=\"elementor-section elementor-top-section elementor-element elementor-element-5f6778a elementor-section-boxed elementor-section-height-default elementor-section-height-default\" data-id=\"5f6778a\" data-element_type=\"section\">\n\t\t\t\t\t\t<div class=\"elementor-container elementor-column-gap-default\">\n\t\t\t\t\t<div class=\"elementor-column elementor-col-100 elementor-top-column elementor-element elementor-element-b294d31\" data-id=\"b294d31\" data-element_type=\"column\">\n\t\t\t<div class=\"elementor-widget-wrap elementor-element-populated\">\n\t\t\t\t\t\t<div class=\"elementor-element elementor-element-f361330 elementor-widget elementor-widget-heading\" data-id=\"f361330\" data-element_type=\"widget\" data-widget_type=\"heading.default\">\n\t\t\t\t<div class=\"elementor-widget-container\">\n\t\t\t\t\t<h2 class=\"elementor-heading-title elementor-size-default\">Teresa Sanz Mena<\/h2>\t\t\t\t<\/div>\n\t\t\t\t<\/div>\n\t\t\t\t\t<\/div>\n\t\t<\/div>\n\t\t\t\t\t<\/div>\n\t\t<\/section>\n\t\t\t\t<section class=\"elementor-section elementor-top-section elementor-element elementor-element-819c4c1 elementor-section-boxed elementor-section-height-default elementor-section-height-default\" data-id=\"819c4c1\" data-element_type=\"section\">\n\t\t\t\t\t\t<div class=\"elementor-container elementor-column-gap-default\">\n\t\t\t\t\t<div class=\"elementor-column elementor-col-100 elementor-top-column elementor-element elementor-element-2b3e40d\" data-id=\"2b3e40d\" data-element_type=\"column\">\n\t\t\t<div class=\"elementor-widget-wrap elementor-element-populated\">\n\t\t\t\t\t\t<div class=\"elementor-element elementor-element-22e15b1 elementor-widget elementor-widget-heading\" data-id=\"22e15b1\" data-element_type=\"widget\" data-widget_type=\"heading.default\">\n\t\t\t\t<div class=\"elementor-widget-container\">\n\t\t\t\t\t<h2 class=\"elementor-heading-title elementor-size-default\">Psic\u00f3loga Sanitaria M-35397<\/h2>\t\t\t\t<\/div>\n\t\t\t\t<\/div>\n\t\t\t\t\t<\/div>\n\t\t<\/div>\n\t\t\t\t\t<\/div>\n\t\t<\/section>\n\t\t\t\t<section class=\"elementor-section elementor-top-section elementor-element elementor-element-0378b6b elementor-section-boxed elementor-section-height-default elementor-section-height-default\" data-id=\"0378b6b\" data-element_type=\"section\">\n\t\t\t\t\t\t<div class=\"elementor-container elementor-column-gap-default\">\n\t\t\t\t\t<div class=\"elementor-column elementor-col-100 elementor-top-column elementor-element elementor-element-073f07a\" data-id=\"073f07a\" data-element_type=\"column\">\n\t\t\t<div class=\"elementor-widget-wrap elementor-element-populated\">\n\t\t\t\t\t\t<div class=\"elementor-element elementor-element-c598582 elementor-widget elementor-widget-text-editor\" data-id=\"c598582\" data-element_type=\"widget\" data-widget_type=\"text-editor.default\">\n\t\t\t\t<div class=\"elementor-widget-container\">\n\t\t\t\t\t\t\t\t\t<p data-pm-slice=\"1 1 []\"><strong>\u00a1Encantada de recibirte! <\/strong><\/p><p data-pm-slice=\"1 1 []\">Soy Teresa, trabajo desde el <strong>modelo biopsicosocial,<\/strong> con un <strong>enfoque basado en la terapia cognitivo conductual y las terapias de tercera generaci\u00f3n<\/strong>. Tengo experiencia en el tratamiento de problemas de ansiedad y del estado de \u00e1nimo, acompa\u00f1amiento en el duelo y abordaje de experiencias traum\u00e1ticas entre otros. Adem\u00e1s, intento mantenerme en continua formaci\u00f3n, adquiriendo nuevas perspectivas y t\u00e9cnicas que me permitan ofrecer <strong>el abordaje m\u00e1s adecuado a las personas a las que acompa\u00f1o y que conf\u00edan en m\u00ed<\/strong>.<\/p><p>Como psic\u00f3loga me comprometo con los pacientes con los que trabajo, acompa\u00f1ando, sosteniendo y gui\u00e1ndoles en su proceso de cambio. Intento que <strong>la consulta constituya un espacio seguro<\/strong> en el que las personas se sientan acogidas y cuidadas. Un espacio donde puedan expresar aquello que les produce malestar y donde poder trabajar conjuntamente para aprender estrategias que les permita gestionar las dificultades y atender a lo que es importante para ellas.<\/p>\t\t\t\t\t\t\t\t<\/div>\n\t\t\t\t<\/div>\n\t\t\t\t\t<\/div>\n\t\t<\/div>\n\t\t\t\t\t<\/div>\n\t\t<\/section>\n\t\t\t\t<section class=\"elementor-section elementor-top-section elementor-element elementor-element-402fcb5 elementor-section-boxed elementor-section-height-default elementor-section-height-default\" data-id=\"402fcb5\" data-element_type=\"section\">\n\t\t\t\t\t\t<div class=\"elementor-container elementor-column-gap-default\">\n\t\t\t\t\t<div class=\"elementor-column elementor-col-100 elementor-top-column elementor-element elementor-element-09e7764\" data-id=\"09e7764\" data-element_type=\"column\">\n\t\t\t<div class=\"elementor-widget-wrap elementor-element-populated\">\n\t\t\t\t\t\t<div class=\"elementor-element elementor-element-9df157a elementor-invisible elementor-widget elementor-widget-image\" data-id=\"9df157a\" data-element_type=\"widget\" data-settings=\"{&quot;_animation&quot;:&quot;fadeInRight&quot;}\" data-widget_type=\"image.default\">\n\t\t\t\t<div class=\"elementor-widget-container\">\n\t\t\t\t\t\t\t\t\t\t\t\t\t\t\t<img fetchpriority=\"high\" decoding=\"async\" width=\"768\" height=\"576\" src=\"https:\/\/bitacorapsicologia.com\/wp-content\/uploads\/2025\/07\/Greena-and-White-Minimalist-Brand-Guidelines-Presentation-2-768x576.png\" class=\"attachment-medium_large size-medium_large wp-image-1680\" alt=\"\" srcset=\"https:\/\/bitacorapsicologia.com\/wp-content\/uploads\/2025\/07\/Greena-and-White-Minimalist-Brand-Guidelines-Presentation-2-768x576.png 768w, https:\/\/bitacorapsicologia.com\/wp-content\/uploads\/2025\/07\/Greena-and-White-Minimalist-Brand-Guidelines-Presentation-2-300x225.png 300w, https:\/\/bitacorapsicologia.com\/wp-content\/uploads\/2025\/07\/Greena-and-White-Minimalist-Brand-Guidelines-Presentation-2.png 1024w\" sizes=\"(max-width: 768px) 100vw, 768px\" \/>\t\t\t\t\t\t\t\t\t\t\t\t\t\t\t<\/div>\n\t\t\t\t<\/div>\n\t\t\t\t\t<\/div>\n\t\t<\/div>\n\t\t\t\t\t<\/div>\n\t\t<\/section>\n\t\t\t\t<\/div>\n\t\t","protected":false},"excerpt":{"rendered":"<p>Teresa Sanz Mena Psic\u00f3loga Sanitaria M-35397 \u00a1Encantada de recibirte! Soy Teresa, trabajo desde el modelo biopsicosocial, con un enfoque basado en la terapia cognitivo conductual y las terapias de tercera generaci\u00f3n. Tengo experiencia en el tratamiento de problemas de ansiedad y del estado de \u00e1nimo, acompa\u00f1amiento en el duelo y abordaje de experiencias traum\u00e1ticas entre &hellip;<\/p>\n<p class=\"read-more\"> <a class=\"\" href=\"https:\/\/bitacorapsicologia.com\/index.php\/teresa-sanz-mena\/\"> <span class=\"screen-reader-text\">Teresa Sanz Mena<\/span> Leer m\u00e1s &raquo;<\/a><\/p>\n","protected":false},"author":1,"featured_media":0,"parent":0,"menu_order":0,"comment_status":"closed","ping_status":"closed","template":"","meta":{"site-sidebar-layout":"no-sidebar","site-content-layout":"page-builder","ast-global-header-display":"","ast-banner-title-visibility":"","ast-main-header-display":"","ast-hfb-above-header-display":"","ast-hfb-below-header-display":"","ast-hfb-mobile-header-display":"","site-post-title":"disabled","ast-breadcrumbs-content":"","ast-featured-img":"disabled","footer-sml-layout":"","theme-transparent-header-meta":"","adv-header-id-meta":"","stick-header-meta":"","header-above-stick-meta":"","header-main-stick-meta":"","header-below-stick-meta":"","_joinchat":[],"footnotes":""},"class_list":["post-1641","page","type-page","status-publish","hentry"],"yoast_head":"<!-- This site is optimized with the Yoast SEO plugin v24.3 - https:\/\/yoast.com\/wordpress\/plugins\/seo\/ -->\n<title>Teresa Sanz Mena - Bit&aacute;cora Psicolog&iacute;a y Bienestar<\/title>\n<meta name=\"robots\" content=\"index, follow, max-snippet:-1, max-image-preview:large, max-video-preview:-1\" \/>\n<link rel=\"canonical\" href=\"https:\/\/bitacorapsicologia.com\/index.php\/teresa-sanz-mena\/\" \/>\n<meta property=\"og:locale\" content=\"es_ES\" \/>\n<meta property=\"og:type\" content=\"article\" \/>\n<meta property=\"og:title\" content=\"Teresa Sanz Mena - Bit&aacute;cora Psicolog&iacute;a y Bienestar\" \/>\n<meta property=\"og:description\" content=\"Teresa Sanz Mena Psic\u00f3loga Sanitaria M-35397 \u00a1Encantada de recibirte! Soy Teresa, trabajo desde el modelo biopsicosocial, con un enfoque basado en la terapia cognitivo conductual y las terapias de tercera generaci\u00f3n. Tengo experiencia en el tratamiento de problemas de ansiedad y del estado de \u00e1nimo, acompa\u00f1amiento en el duelo y abordaje de experiencias traum\u00e1ticas entre &hellip; Teresa Sanz Mena Leer m\u00e1s &raquo;\" \/>\n<meta property=\"og:url\" content=\"https:\/\/bitacorapsicologia.com\/index.php\/teresa-sanz-mena\/\" \/>\n<meta property=\"og:site_name\" content=\"Bit&aacute;cora Psicolog&iacute;a y Bienestar\" \/>\n<meta property=\"article:publisher\" content=\"https:\/\/www.facebook.com\/sandrayrociopsicologas\/\" \/>\n<meta property=\"article:modified_time\" content=\"2025-07-23T12:20:32+00:00\" \/>\n<meta property=\"og:image\" content=\"https:\/\/bitacorapsicologia.com\/wp-content\/uploads\/2025\/07\/Greena-and-White-Minimalist-Brand-Guidelines-Presentation-2.png\" \/>\n\t<meta property=\"og:image:width\" content=\"1024\" \/>\n\t<meta property=\"og:image:height\" content=\"768\" \/>\n\t<meta property=\"og:image:type\" content=\"image\/png\" \/>\n<meta name=\"twitter:card\" content=\"summary_large_image\" \/>\n<meta name=\"twitter:label1\" content=\"Tiempo de lectura\" \/>\n\t<meta name=\"twitter:data1\" content=\"1 minuto\" \/>\n<script type=\"application\/ld+json\" class=\"yoast-schema-graph\">{\"@context\":\"https:\/\/schema.org\",\"@graph\":[{\"@type\":\"WebPage\",\"@id\":\"https:\/\/bitacorapsicologia.com\/index.php\/teresa-sanz-mena\/\",\"url\":\"https:\/\/bitacorapsicologia.com\/index.php\/teresa-sanz-mena\/\",\"name\":\"Teresa Sanz Mena - Bit&aacute;cora Psicolog&iacute;a y Bienestar\",\"isPartOf\":{\"@id\":\"https:\/\/bitacorapsicologia.com\/#website\"},\"primaryImageOfPage\":{\"@id\":\"https:\/\/bitacorapsicologia.com\/index.php\/teresa-sanz-mena\/#primaryimage\"},\"image\":{\"@id\":\"https:\/\/bitacorapsicologia.com\/index.php\/teresa-sanz-mena\/#primaryimage\"},\"thumbnailUrl\":\"https:\/\/bitacorapsicologia.com\/wp-content\/uploads\/2025\/07\/Greena-and-White-Minimalist-Brand-Guidelines-Presentation-2-768x576.png\",\"datePublished\":\"2025-07-23T12:00:49+00:00\",\"dateModified\":\"2025-07-23T12:20:32+00:00\",\"breadcrumb\":{\"@id\":\"https:\/\/bitacorapsicologia.com\/index.php\/teresa-sanz-mena\/#breadcrumb\"},\"inLanguage\":\"es\",\"potentialAction\":[{\"@type\":\"ReadAction\",\"target\":[\"https:\/\/bitacorapsicologia.com\/index.php\/teresa-sanz-mena\/\"]}]},{\"@type\":\"ImageObject\",\"inLanguage\":\"es\",\"@id\":\"https:\/\/bitacorapsicologia.com\/index.php\/teresa-sanz-mena\/#primaryimage\",\"url\":\"https:\/\/bitacorapsicologia.com\/wp-content\/uploads\/2025\/07\/Greena-and-White-Minimalist-Brand-Guidelines-Presentation-2.png\",\"contentUrl\":\"https:\/\/bitacorapsicologia.com\/wp-content\/uploads\/2025\/07\/Greena-and-White-Minimalist-Brand-Guidelines-Presentation-2.png\",\"width\":1024,\"height\":768},{\"@type\":\"BreadcrumbList\",\"@id\":\"https:\/\/bitacorapsicologia.com\/index.php\/teresa-sanz-mena\/#breadcrumb\",\"itemListElement\":[{\"@type\":\"ListItem\",\"position\":1,\"name\":\"Portada\",\"item\":\"https:\/\/bitacorapsicologia.com\/\"},{\"@type\":\"ListItem\",\"position\":2,\"name\":\"Teresa Sanz Mena\"}]},{\"@type\":\"WebSite\",\"@id\":\"https:\/\/bitacorapsicologia.com\/#website\",\"url\":\"https:\/\/bitacorapsicologia.com\/\",\"name\":\"Bit\u00e1cora Psicolog\u00eda y Bienestar\",\"description\":\"Bit&aacute;cora Psicolog&iacute;a y Bienestar\",\"publisher\":{\"@id\":\"https:\/\/bitacorapsicologia.com\/#organization\"},\"potentialAction\":[{\"@type\":\"SearchAction\",\"target\":{\"@type\":\"EntryPoint\",\"urlTemplate\":\"https:\/\/bitacorapsicologia.com\/?s={search_term_string}\"},\"query-input\":{\"@type\":\"PropertyValueSpecification\",\"valueRequired\":true,\"valueName\":\"search_term_string\"}}],\"inLanguage\":\"es\"},{\"@type\":\"Organization\",\"@id\":\"https:\/\/bitacorapsicologia.com\/#organization\",\"name\":\"Bit\u00e1cora Psicolog\u00eda y Bienestar\",\"url\":\"https:\/\/bitacorapsicologia.com\/\",\"logo\":{\"@type\":\"ImageObject\",\"inLanguage\":\"es\",\"@id\":\"https:\/\/bitacorapsicologia.com\/#\/schema\/logo\/image\/\",\"url\":\"https:\/\/bitacorapsicologia.com\/wp-content\/uploads\/2022\/02\/Bitacora-v_horiz.png\",\"contentUrl\":\"https:\/\/bitacorapsicologia.com\/wp-content\/uploads\/2022\/02\/Bitacora-v_horiz.png\",\"width\":1182,\"height\":591,\"caption\":\"Bit\u00e1cora Psicolog\u00eda y Bienestar\"},\"image\":{\"@id\":\"https:\/\/bitacorapsicologia.com\/#\/schema\/logo\/image\/\"},\"sameAs\":[\"https:\/\/www.facebook.com\/sandrayrociopsicologas\/\",\"https:\/\/www.instagram.com\/bitacora_psicologia\/\"]}]}<\/script>\n<!-- \/ Yoast SEO plugin. -->","yoast_head_json":{"title":"Teresa Sanz Mena - Bit&aacute;cora Psicolog&iacute;a y Bienestar","robots":{"index":"index","follow":"follow","max-snippet":"max-snippet:-1","max-image-preview":"max-image-preview:large","max-video-preview":"max-video-preview:-1"},"canonical":"https:\/\/bitacorapsicologia.com\/index.php\/teresa-sanz-mena\/","og_locale":"es_ES","og_type":"article","og_title":"Teresa Sanz Mena - Bit&aacute;cora Psicolog&iacute;a y Bienestar","og_description":"Teresa Sanz Mena Psic\u00f3loga Sanitaria M-35397 \u00a1Encantada de recibirte! Soy Teresa, trabajo desde el modelo biopsicosocial, con un enfoque basado en la terapia cognitivo conductual y las terapias de tercera generaci\u00f3n. Tengo experiencia en el tratamiento de problemas de ansiedad y del estado de \u00e1nimo, acompa\u00f1amiento en el duelo y abordaje de experiencias traum\u00e1ticas entre &hellip; Teresa Sanz Mena Leer m\u00e1s &raquo;","og_url":"https:\/\/bitacorapsicologia.com\/index.php\/teresa-sanz-mena\/","og_site_name":"Bit&aacute;cora Psicolog&iacute;a y Bienestar","article_publisher":"https:\/\/www.facebook.com\/sandrayrociopsicologas\/","article_modified_time":"2025-07-23T12:20:32+00:00","og_image":[{"width":1024,"height":768,"url":"https:\/\/bitacorapsicologia.com\/wp-content\/uploads\/2025\/07\/Greena-and-White-Minimalist-Brand-Guidelines-Presentation-2.png","type":"image\/png"}],"twitter_card":"summary_large_image","twitter_misc":{"Tiempo de lectura":"1 minuto"},"schema":{"@context":"https:\/\/schema.org","@graph":[{"@type":"WebPage","@id":"https:\/\/bitacorapsicologia.com\/index.php\/teresa-sanz-mena\/","url":"https:\/\/bitacorapsicologia.com\/index.php\/teresa-sanz-mena\/","name":"Teresa Sanz Mena - Bit&aacute;cora Psicolog&iacute;a y Bienestar","isPartOf":{"@id":"https:\/\/bitacorapsicologia.com\/#website"},"primaryImageOfPage":{"@id":"https:\/\/bitacorapsicologia.com\/index.php\/teresa-sanz-mena\/#primaryimage"},"image":{"@id":"https:\/\/bitacorapsicologia.com\/index.php\/teresa-sanz-mena\/#primaryimage"},"thumbnailUrl":"https:\/\/bitacorapsicologia.com\/wp-content\/uploads\/2025\/07\/Greena-and-White-Minimalist-Brand-Guidelines-Presentation-2-768x576.png","datePublished":"2025-07-23T12:00:49+00:00","dateModified":"2025-07-23T12:20:32+00:00","breadcrumb":{"@id":"https:\/\/bitacorapsicologia.com\/index.php\/teresa-sanz-mena\/#breadcrumb"},"inLanguage":"es","potentialAction":[{"@type":"ReadAction","target":["https:\/\/bitacorapsicologia.com\/index.php\/teresa-sanz-mena\/"]}]},{"@type":"ImageObject","inLanguage":"es","@id":"https:\/\/bitacorapsicologia.com\/index.php\/teresa-sanz-mena\/#primaryimage","url":"https:\/\/bitacorapsicologia.com\/wp-content\/uploads\/2025\/07\/Greena-and-White-Minimalist-Brand-Guidelines-Presentation-2.png","contentUrl":"https:\/\/bitacorapsicologia.com\/wp-content\/uploads\/2025\/07\/Greena-and-White-Minimalist-Brand-Guidelines-Presentation-2.png","width":1024,"height":768},{"@type":"BreadcrumbList","@id":"https:\/\/bitacorapsicologia.com\/index.php\/teresa-sanz-mena\/#breadcrumb","itemListElement":[{"@type":"ListItem","position":1,"name":"Portada","item":"https:\/\/bitacorapsicologia.com\/"},{"@type":"ListItem","position":2,"name":"Teresa Sanz Mena"}]},{"@type":"WebSite","@id":"https:\/\/bitacorapsicologia.com\/#website","url":"https:\/\/bitacorapsicologia.com\/","name":"Bit\u00e1cora Psicolog\u00eda y Bienestar","description":"Bit&aacute;cora Psicolog&iacute;a y Bienestar","publisher":{"@id":"https:\/\/bitacorapsicologia.com\/#organization"},"potentialAction":[{"@type":"SearchAction","target":{"@type":"EntryPoint","urlTemplate":"https:\/\/bitacorapsicologia.com\/?s={search_term_string}"},"query-input":{"@type":"PropertyValueSpecification","valueRequired":true,"valueName":"search_term_string"}}],"inLanguage":"es"},{"@type":"Organization","@id":"https:\/\/bitacorapsicologia.com\/#organization","name":"Bit\u00e1cora Psicolog\u00eda y Bienestar","url":"https:\/\/bitacorapsicologia.com\/","logo":{"@type":"ImageObject","inLanguage":"es","@id":"https:\/\/bitacorapsicologia.com\/#\/schema\/logo\/image\/","url":"https:\/\/bitacorapsicologia.com\/wp-content\/uploads\/2022\/02\/Bitacora-v_horiz.png","contentUrl":"https:\/\/bitacorapsicologia.com\/wp-content\/uploads\/2022\/02\/Bitacora-v_horiz.png","width":1182,"height":591,"caption":"Bit\u00e1cora Psicolog\u00eda y Bienestar"},"image":{"@id":"https:\/\/bitacorapsicologia.com\/#\/schema\/logo\/image\/"},"sameAs":["https:\/\/www.facebook.com\/sandrayrociopsicologas\/","https:\/\/www.instagram.com\/bitacora_psicologia\/"]}]}},"_links":{"self":[{"href":"https:\/\/bitacorapsicologia.com\/index.php\/wp-json\/wp\/v2\/pages\/1641","targetHints":{"allow":["GET"]}}],"collection":[{"href":"https:\/\/bitacorapsicologia.com\/index.php\/wp-json\/wp\/v2\/pages"}],"about":[{"href":"https:\/\/bitacorapsicologia.com\/index.php\/wp-json\/wp\/v2\/types\/page"}],"author":[{"embeddable":true,"href":"https:\/\/bitacorapsicologia.com\/index.php\/wp-json\/wp\/v2\/users\/1"}],"replies":[{"embeddable":true,"href":"https:\/\/bitacorapsicologia.com\/index.php\/wp-json\/wp\/v2\/comments?post=1641"}],"version-history":[{"count":7,"href":"https:\/\/bitacorapsicologia.com\/index.php\/wp-json\/wp\/v2\/pages\/1641\/revisions"}],"predecessor-version":[{"id":1687,"href":"https:\/\/bitacorapsicologia.com\/index.php\/wp-json\/wp\/v2\/pages\/1641\/revisions\/1687"}],"wp:attachment":[{"href":"https:\/\/bitacorapsicologia.com\/index.php\/wp-json\/wp\/v2\/media?parent=1641"}],"curies":[{"name":"wp","href":"https:\/\/api.w.org\/{rel}","templated":true}]}}